{"id":327,"date":"2020-04-12T23:15:44","date_gmt":"2020-04-12T21:15:44","guid":{"rendered":"http:\/\/genkiamma.com\/?page_id=327"},"modified":"2020-04-15T09:08:42","modified_gmt":"2020-04-15T07:08:42","slug":"conseils-informations","status":"publish","type":"page","link":"https:\/\/genkiamma.com\/?page_id=327","title":{"rendered":"Conseils &#038; informations"},"content":{"rendered":"\n<figure class=\"wp-block-image size-large is-resized\"><img loading=\"lazy\" decoding=\"async\" src=\"http:\/\/genkiamma.com\/wp-content\/uploads\/2020\/04\/IMG_1465-3-1024x768.jpg\" alt=\"\" class=\"wp-image-464\" width=\"556\" height=\"416\" srcset=\"https:\/\/genkiamma.com\/wp-content\/uploads\/2020\/04\/IMG_1465-3-1024x768.jpg 1024w, https:\/\/genkiamma.com\/wp-content\/uploads\/2020\/04\/IMG_1465-3-300x225.jpg 300w, https:\/\/genkiamma.com\/wp-content\/uploads\/2020\/04\/IMG_1465-3-768x576.jpg 768w, https:\/\/genkiamma.com\/wp-content\/uploads\/2020\/04\/IMG_1465-3-1536x1152.jpg 1536w, https:\/\/genkiamma.com\/wp-content\/uploads\/2020\/04\/IMG_1465-3.jpg 2016w\" sizes=\"auto, (max-width: 556px) 100vw, 556px\" \/><\/figure>\n\n\n\n<p><\/p>\n\n\n\n<h2 class=\"wp-block-heading\">Favoriser les bienfaits de la s\u00e9ance<\/h2>\n\n\n\n<ul class=\"wp-block-list\"><li>\u00e9viter les applications de cr\u00e8me hydratante ou autres substances (baume, huile, pommade) avant la s\u00e9ance<\/li><li>retirer sa montre, appareils auditifs, pierres, bijoux, (sauf alliance)<\/li><li>pour les personnes en perte de mobilit\u00e9 ou d\u2019autonomie, ou bien atteintes d&rsquo;une hernie discale, se faire accompagner<\/li><li>marcher quelques minutes avant de prendre le volant apr\u00e8s la s\u00e9ance<\/li><li>\u00e9viter de se doucher le soir qui suit la s\u00e9ance<\/li><\/ul>\n\n\n\n<h2 class=\"wp-block-heading\">Effets de la s\u00e9ance<\/h2>\n\n\n\n<p>Les bienfaits varient en fonction des personnes.<br>Selon la nature et l\u2019ant\u00e9riorit\u00e9 des troubles install\u00e9s dans l\u2019organisme, il est \u00e9galement possible&nbsp; de ressentir des courbatures ou de la fatigue ou diff\u00e9rentes \u00e9motions. Ceci est tout \u00e0 fait normal, en effet le corps doit prendre le temps de s&rsquo;adapter \u00e0 un nouvel \u00e9quilibre.<br>Ces bienfaits peuvent se faire ressentir parfois imm\u00e9diatement, ou apr\u00e8s quelques jours, parfois m\u00eame apr\u00e8s plusieurs semaines.<\/p>\n\n\n\n<h2 class=\"wp-block-heading\">Combien de s\u00e9ances ?<\/h2>\n\n\n\n<p>Une s\u00e9ance peut suffire pour vous apporter un mieux-\u00eatre, mais dans certaines situations, plusieurs s\u00e9ances peuvent \u00eatre n\u00e9cessaires pour r\u00e9pondre \u00e0 vos attentes.<br>Chaque personne r\u00e9agit diff\u00e9remment. Il n\u2019y a pas de r\u00e8gles absolues, cela peut d\u00e9pendre de facteurs aussi vari\u00e9s que l\u2019\u00e2ge, le trouble, l\u2019anciennet\u00e9 du trouble, etc.<\/p>\n\n\n\n<h2 class=\"wp-block-heading\">Pr\u00e9cautions, vigilance<\/h2>\n\n\n\n<p>Merci de m\u2019informer si vous \u00eates dans l&rsquo;une des situations suivantes :<\/p>\n\n\n\n<ul class=\"wp-block-list\"><li>allergie<\/li><li>anomalie du d\u00e9veloppement osseux<\/li><li>cancer<\/li><li>tumeurs, m\u00e9tastases<\/li><li>femme enceinte ou allaitante<\/li><li>probl\u00e8mes cardiaques impliquant le port d&rsquo;un pacemaker<\/li><li>traitement anticoagulant<\/li><\/ul>\n\n\n\n<div class=\"wp-block-image is-style-default\"><figure class=\"aligncenter size-large is-resized\"><img loading=\"lazy\" decoding=\"async\" src=\"http:\/\/genkiamma.com\/wp-content\/uploads\/2020\/04\/IMG_9739-765x1024.jpg\" alt=\"\" class=\"wp-image-507\" width=\"149\" height=\"200\" srcset=\"https:\/\/genkiamma.com\/wp-content\/uploads\/2020\/04\/IMG_9739-765x1024.jpg 765w, https:\/\/genkiamma.com\/wp-content\/uploads\/2020\/04\/IMG_9739-224x300.jpg 224w, https:\/\/genkiamma.com\/wp-content\/uploads\/2020\/04\/IMG_9739-768x1028.jpg 768w, https:\/\/genkiamma.com\/wp-content\/uploads\/2020\/04\/IMG_9739-rotated.jpg 968w\" sizes=\"auto, (max-width: 149px) 100vw, 149px\" \/><\/figure><\/div>\n","protected":false},"excerpt":{"rendered":"<p>Favoriser les bienfaits de la s\u00e9ance \u00e9viter les applications de cr\u00e8me hydratante ou autres substances (baume, huile, pommade) avant la s\u00e9ance retirer sa montre, appareils auditifs, pierres, bijoux, (sauf alliance) pour les personnes en perte de mobilit\u00e9 ou d\u2019autonomie, ou bien atteintes d&rsquo;une hernie discale, se faire accompagner marcher quelques minutes avant de prendre le &hellip; <\/p>\n<p class=\"link-more\"><a href=\"https:\/\/genkiamma.com\/?page_id=327\" class=\"more-link\">Continuer la lecture<span class=\"screen-reader-text\"> de &laquo;&nbsp;Conseils &#038; informations&nbsp;&raquo;<\/span><\/a><\/p>\n","protected":false},"author":1,"featured_media":0,"parent":47,"menu_order":0,"comment_status":"closed","ping_status":"closed","template":"","meta":{"footnotes":""},"class_list":["post-327","page","type-page","status-publish","hentry"],"_links":{"self":[{"href":"https:\/\/genkiamma.com\/index.php?rest_route=\/wp\/v2\/pages\/327","targetHints":{"allow":["GET"]}}],"collection":[{"href":"https:\/\/genkiamma.com\/index.php?rest_route=\/wp\/v2\/pages"}],"about":[{"href":"https:\/\/genkiamma.com\/index.php?rest_route=\/wp\/v2\/types\/page"}],"author":[{"embeddable":true,"href":"https:\/\/genkiamma.com\/index.php?rest_route=\/wp\/v2\/users\/1"}],"replies":[{"embeddable":true,"href":"https:\/\/genkiamma.com\/index.php?rest_route=%2Fwp%2Fv2%2Fcomments&post=327"}],"version-history":[{"count":8,"href":"https:\/\/genkiamma.com\/index.php?rest_route=\/wp\/v2\/pages\/327\/revisions"}],"predecessor-version":[{"id":508,"href":"https:\/\/genkiamma.com\/index.php?rest_route=\/wp\/v2\/pages\/327\/revisions\/508"}],"up":[{"embeddable":true,"href":"https:\/\/genkiamma.com\/index.php?rest_route=\/wp\/v2\/pages\/47"}],"wp:attachment":[{"href":"https:\/\/genkiamma.com\/index.php?rest_route=%2Fwp%2Fv2%2Fmedia&parent=327"}],"curies":[{"name":"wp","href":"https:\/\/api.w.org\/{rel}","templated":true}]}}