{"id":340,"date":"2020-04-12T23:28:14","date_gmt":"2020-04-12T21:28:14","guid":{"rendered":"http:\/\/genkiamma.com\/?page_id=340"},"modified":"2020-04-22T21:52:29","modified_gmt":"2020-04-22T19:52:29","slug":"reequilibrage-energetique","status":"publish","type":"page","link":"https:\/\/genkiamma.com\/?page_id=340","title":{"rendered":"R\u00e9\u00e9quilibrage \u00e9nerg\u00e9tique"},"content":{"rendered":"\n<figure class=\"wp-block-gallery columns-1 is-cropped wp-block-gallery-1 is-layout-flex wp-block-gallery-is-layout-flex\"><ul class=\"blocks-gallery-grid\"><li class=\"blocks-gallery-item\"><figure><img loading=\"lazy\" decoding=\"async\" width=\"1024\" height=\"768\" src=\"http:\/\/genkiamma.com\/wp-content\/uploads\/2020\/04\/IMG_9664-1024x768.jpg\" alt=\"\" data-id=\"423\" class=\"wp-image-423\" srcset=\"https:\/\/genkiamma.com\/wp-content\/uploads\/2020\/04\/IMG_9664-1024x768.jpg 1024w, https:\/\/genkiamma.com\/wp-content\/uploads\/2020\/04\/IMG_9664-300x225.jpg 300w, https:\/\/genkiamma.com\/wp-content\/uploads\/2020\/04\/IMG_9664-768x576.jpg 768w, https:\/\/genkiamma.com\/wp-content\/uploads\/2020\/04\/IMG_9664-1536x1152.jpg 1536w, https:\/\/genkiamma.com\/wp-content\/uploads\/2020\/04\/IMG_9664.jpg 2016w\" sizes=\"auto, (max-width: 706px) 89vw, (max-width: 767px) 82vw, 740px\" \/><\/figure><\/li><\/ul><figcaption class=\"blocks-gallery-caption\">Energies cosmiques et telluriques<\/figcaption><\/figure>\n\n\n\n<p><a href=\"http:\/\/genkiamma.com\/?page_id=45\">R\u00e9\u00e9quilibrage \u00e9nerg\u00e9tique du corps<\/a><\/p>\n\n\n\n<p><a href=\"http:\/\/genkiamma.com\/?page_id=43\">R\u00e9\u00e9quilibrage \u00e9nerg\u00e9tique de l&rsquo;habitat <\/a><\/p>\n","protected":false},"excerpt":{"rendered":"<p>R\u00e9\u00e9quilibrage \u00e9nerg\u00e9tique du corps R\u00e9\u00e9quilibrage \u00e9nerg\u00e9tique de l&rsquo;habitat<\/p>\n","protected":false},"author":1,"featured_media":0,"parent":0,"menu_order":0,"comment_status":"closed","ping_status":"closed","template":"","meta":{"footnotes":""},"class_list":["post-340","page","type-page","status-publish","hentry"],"_links":{"self":[{"href":"https:\/\/genkiamma.com\/index.php?rest_route=\/wp\/v2\/pages\/340","targetHints":{"allow":["GET"]}}],"collection":[{"href":"https:\/\/genkiamma.com\/index.php?rest_route=\/wp\/v2\/pages"}],"about":[{"href":"https:\/\/genkiamma.com\/index.php?rest_route=\/wp\/v2\/types\/page"}],"author":[{"embeddable":true,"href":"https:\/\/genkiamma.com\/index.php?rest_route=\/wp\/v2\/users\/1"}],"replies":[{"embeddable":true,"href":"https:\/\/genkiamma.com\/index.php?rest_route=%2Fwp%2Fv2%2Fcomments&post=340"}],"version-history":[{"count":7,"href":"https:\/\/genkiamma.com\/index.php?rest_route=\/wp\/v2\/pages\/340\/revisions"}],"predecessor-version":[{"id":553,"href":"https:\/\/genkiamma.com\/index.php?rest_route=\/wp\/v2\/pages\/340\/revisions\/553"}],"wp:attachment":[{"href":"https:\/\/genkiamma.com\/index.php?rest_route=%2Fwp%2Fv2%2Fmedia&parent=340"}],"curies":[{"name":"wp","href":"https:\/\/api.w.org\/{rel}","templated":true}]}}