{"id":39,"date":"2020-04-11T22:34:59","date_gmt":"2020-04-11T20:34:59","guid":{"rendered":"http:\/\/genkiamma.com\/?page_id=39"},"modified":"2020-05-13T16:46:05","modified_gmt":"2020-05-13T14:46:05","slug":"presentation","status":"publish","type":"page","link":"https:\/\/genkiamma.com\/?page_id=39","title":{"rendered":"Pr\u00e9sentation"},"content":{"rendered":"\n<h2 class=\"wp-block-heading\">Qui-suis-je&nbsp;?<\/h2>\n\n\n\n<figure class=\"wp-block-image size-large\"><img loading=\"lazy\" decoding=\"async\" width=\"1024\" height=\"683\" src=\"http:\/\/genkiamma.com\/wp-content\/uploads\/2020\/04\/Isabelle-F-hd-1-11-1024x683.jpg\" alt=\"\" class=\"wp-image-116\" srcset=\"https:\/\/genkiamma.com\/wp-content\/uploads\/2020\/04\/Isabelle-F-hd-1-11-1024x683.jpg 1024w, https:\/\/genkiamma.com\/wp-content\/uploads\/2020\/04\/Isabelle-F-hd-1-11-300x200.jpg 300w, https:\/\/genkiamma.com\/wp-content\/uploads\/2020\/04\/Isabelle-F-hd-1-11-768x512.jpg 768w, https:\/\/genkiamma.com\/wp-content\/uploads\/2020\/04\/Isabelle-F-hd-1-11.jpg 1296w\" sizes=\"auto, (max-width: 706px) 89vw, (max-width: 767px) 82vw, 740px\" \/><\/figure>\n\n\n\n<p>Je m&rsquo;appelle Isabelle Foriat, je suis \u00c9nerg\u00e9ticienne.<\/p>\n\n\n\n<p>Mes racines sont&nbsp; \u00e0 St Julien Chapteuil, en Haute-Loire o\u00f9 j\u2019aime me ressourcer. Je vis \u00e0 Pertuis dans le Vaucluse.<\/p>\n\n\n\n<p>J&rsquo;ai v\u00e9cu des exp\u00e9riences riches et vari\u00e9es autant au niveau personnel que professionnel (Secr\u00e9taire m\u00e9dicale, Artiste Peintre, Restauratrice d\u2019\u0153uvres d\u2019art)<\/p>\n\n\n\n<p>Deux graves maladies ont impact\u00e9es ma vie et\u00a0 m\u2019ont pouss\u00e9e \u00e0 sortir de ma zone de confort afin que je prenne conscience de leurs significations.<\/p>\n\n\n\n<p>J\u2019ai alors utilis\u00e9 mes capacit\u00e9s de magn\u00e9tisme pour me soigner, puis ma famille, mon entourage. Ces dons de naissance \u00e9taient pr\u00e9sents depuis mon plus jeune \u00e2ge et font partie de ma famille paternelle&nbsp;depuis plusieurs g\u00e9n\u00e9rations.&nbsp;Je savais qu\u2019ils \u00e9taient l\u00e0 mais je ne m\u2019en servais pas.&nbsp;<\/p>\n\n\n\n<p>Les soins&nbsp;: comme magn\u00e9tiser, couper le feu, couper le sang,&nbsp; lever des blocages&#8230;devenaient alors une \u00e9vidence pour moi.<\/p>\n\n\n\n<p>Le chemin effectu\u00e9 vers&nbsp;\u00ab&nbsp;la&nbsp;r\u00e9alisation de soi&nbsp;\u00bb a permis de me lib\u00e9rer de mes blocages conscients et inconscients, de&nbsp; trouver en moi les ressources n\u00e9cessaires pour renouer avec ma vraie nature.<\/p>\n\n\n\n<p>&nbsp;Les pratiques de tai chi, qi gong, de m\u00e9ditation m\u2019ont amen\u00e9e \u00e0<\/p>\n\n\n\n<p>\u00e0 focaliser ma conscience&nbsp;vers la Pr\u00e9sence\u2026J&rsquo;ai assist\u00e9 \u00e0 de nombreux stages et formations diverses n\u2019assoiffant pas ma curiosit\u00e9 et ma volont\u00e9 \u00e0 trouver des solutions. Au passage je remercie tous ceux et celles qui m&rsquo;ont aid\u00e9e.<\/p>\n\n\n\n<p>J\u2019ai \u00e9tudi\u00e9 les techniques \u00e9nerg\u00e9tiques \u00e0 la S.F.E.R.E Soci\u00e9t\u00e9 Fran\u00e7aise Etudes et Recherches Energ\u00e9tiques, \u00e0 l\u2019I.M.A.E Institut M\u00e9diterran\u00e9en des Arts Energ\u00e9tiques, et aupr\u00e8s de Neuroscientifiques.&nbsp;<\/p>\n\n\n\n<p>La th\u00e9rapie \u00e9nerg\u00e9tique est vaste, une EMI exp\u00e9rience de mort imminente m\u2019a permis de savoir que j \u00e9tais une passeuse d \u00e2mes. Je suis&nbsp; sensible \u00e0 toutes sortes d&rsquo;\u00e9nergies comme les entit\u00e9s, esprits, \u00e9nergies cosmo-telluriques, informations spirituelles et d&rsquo;\u00e9volution&#8230;. J\u2019utilise aussi la radiesth\u00e9sie et la&nbsp;g\u00e9obiologie&nbsp;pour l&rsquo;harmonisation des lieux o\u00f9 vous vivez et o\u00f9 vous travaillez.<\/p>\n\n\n\n<p>Tout d\u2019abord, je m occupe de la personne puis de son milieu de vie&nbsp;: son habitat.<\/p>\n\n\n\n<p>En effet, si je vous compare \u00e0 un poisson, il serait inutile de nettoyer un poisson et de le remettre dans son bocal pollu\u00e9&nbsp;!<\/p>\n\n\n\n<p>Par exp\u00e9rience, je&nbsp; traite et j\u2019accompagne un grand nombre de troubles physiques et \u00e9motionnels.<\/p>\n\n\n\n<p>Je vous propose &nbsp;des s\u00e9ances de&nbsp; r\u00e9\u00e9quilibrage \u00e9nerg\u00e9tique \u00e0 la personne suivies ou non d\u2019accompagnement au soin.<\/p>\n\n\n\n<p>Le chemin&nbsp;vers&nbsp;la&nbsp;r\u00e9alisation du Soi&nbsp;ou \u00ab\u00a0\u00e9veil\u00a0\u00bb est une&nbsp;exp\u00e9rience tout \u00e0 fait personnelle et unique.<\/p>\n\n\n\n<p>Un&nbsp;\u00eatre humain \u00a0\u00bb&nbsp;\u00e9veill\u00e9\u00a0\u00bb  ne peut pas Etre autre chose que sa nature profonde. Quand le c\u0153ur est m\u00fbr et que les voiles s&rsquo;effacent, il y a prise de&nbsp;conscience de \u00ab&nbsp;qui Je Suis&nbsp;\u00bb&nbsp;: C&rsquo;est l&rsquo; int\u00e9gration de l&rsquo;Etre. Cela se r\u00e9alise et il ne s&rsquo;agit pas de contr\u00f4ler cela mais plut\u00f4t de laisser faire, l\u00e2cher prise\u2026<\/p>\n\n\n\n<p>&nbsp;\u00ab&nbsp;C&rsquo;est la Vie qui fait que l&rsquo;arbre pousse  et rien d&rsquo;autre&nbsp;\u00bb<\/p>\n\n\n\n<p>Le soutien\u00a0\u00bb \u00e0 \u00ab\u00a0l&rsquo;\u00e9veil\u00a0\u00bb,&nbsp;la r\u00e9alisation du&nbsp;Soi&nbsp;:&nbsp;retrouver sa&nbsp;nature profonde, ce que Je Suis&nbsp;de toute \u00e9ternit\u00e9, simplement Etre : enlever les croyances qui me&nbsp;font croire que ce n&rsquo;est pas l\u00e0&#8230;<\/p>\n\n\n\n<p>&nbsp;Et pour votre bien \u00eatre, je vous propose des s\u00e9ances de massage Shiatsu anma asssis parce qu\u2019il est toujours &nbsp;temps de prendre soin de vous&nbsp;!<\/p>\n\n\n\n<p><strong>Pourquoi ne pas s&rsquo;intituler gu\u00e9risseur<\/strong> ?&nbsp;M\u00eame si ce terme est utilis\u00e9 dans le langage courant, je le trouve mal adapt\u00e9. <strong>Seul votre corps gu\u00e9rit<\/strong> : je&nbsp;vous aide juste \u00e0 vous soigner au niveau \u00e9nerg\u00e9tique, \u00e0 vous reconnecter \u00e0 votre corps, \u00e0 identifier ce dont votre corps a besoin, ce qu&rsquo;il exprime.&nbsp;Votre gu\u00e9risseur c&rsquo;est vous-m\u00eame, aid\u00e9 par un regard ext\u00e9rieur adapt\u00e9 \u00e0 votre situation&nbsp;et qui saura prendre en compte votre Etre dans sa globalit\u00e9 et initier le processus de gu\u00e9rison que VOUS&nbsp;m\u00e8nerez \u00e0 terme.<\/p>\n\n\n\n<p>Bonne visite\u2026.<\/p>\n\n\n\n<blockquote class=\"wp-block-quote is-layout-flow wp-block-quote-is-layout-flow\"><p>\u00ab&nbsp;La paix vient de l\u2019int\u00e9rieur. Ne la cherchez pas \u00e0 l\u2019ext\u00e9rieur.&nbsp;\u00bb<\/p><cite>Buddha<\/cite><\/blockquote>\n\n\n\n<p><\/p>\n","protected":false},"excerpt":{"rendered":"<p>Qui-suis-je&nbsp;? Je m&rsquo;appelle Isabelle Foriat, je suis \u00c9nerg\u00e9ticienne. Mes racines sont&nbsp; \u00e0 St Julien Chapteuil, en Haute-Loire o\u00f9 j\u2019aime me ressourcer. Je vis \u00e0 Pertuis dans le Vaucluse. J&rsquo;ai v\u00e9cu des exp\u00e9riences riches et vari\u00e9es autant au niveau personnel que professionnel (Secr\u00e9taire m\u00e9dicale, Artiste Peintre, Restauratrice d\u2019\u0153uvres d\u2019art) Deux graves maladies ont impact\u00e9es ma vie &hellip; <\/p>\n<p class=\"link-more\"><a href=\"https:\/\/genkiamma.com\/?page_id=39\" class=\"more-link\">Continuer la lecture<span class=\"screen-reader-text\"> de &laquo;&nbsp;Pr\u00e9sentation&nbsp;&raquo;<\/span><\/a><\/p>\n","protected":false},"author":1,"featured_media":0,"parent":0,"menu_order":0,"comment_status":"closed","ping_status":"closed","template":"","meta":{"footnotes":""},"class_list":["post-39","page","type-page","status-publish","hentry"],"_links":{"self":[{"href":"https:\/\/genkiamma.com\/index.php?rest_route=\/wp\/v2\/pages\/39","targetHints":{"allow":["GET"]}}],"collection":[{"href":"https:\/\/genkiamma.com\/index.php?rest_route=\/wp\/v2\/pages"}],"about":[{"href":"https:\/\/genkiamma.com\/index.php?rest_route=\/wp\/v2\/types\/page"}],"author":[{"embeddable":true,"href":"https:\/\/genkiamma.com\/index.php?rest_route=\/wp\/v2\/users\/1"}],"replies":[{"embeddable":true,"href":"https:\/\/genkiamma.com\/index.php?rest_route=%2Fwp%2Fv2%2Fcomments&post=39"}],"version-history":[{"count":9,"href":"https:\/\/genkiamma.com\/index.php?rest_route=\/wp\/v2\/pages\/39\/revisions"}],"predecessor-version":[{"id":562,"href":"https:\/\/genkiamma.com\/index.php?rest_route=\/wp\/v2\/pages\/39\/revisions\/562"}],"wp:attachment":[{"href":"https:\/\/genkiamma.com\/index.php?rest_route=%2Fwp%2Fv2%2Fmedia&parent=39"}],"curies":[{"name":"wp","href":"https:\/\/api.w.org\/{rel}","templated":true}]}}