{"id":43,"date":"2020-04-11T22:34:59","date_gmt":"2020-04-11T20:34:59","guid":{"rendered":"http:\/\/genkiamma.com\/?page_id=43"},"modified":"2020-04-13T22:55:42","modified_gmt":"2020-04-13T20:55:42","slug":"reequilibrage-corps-les-corps-subtils","status":"publish","type":"page","link":"https:\/\/genkiamma.com\/?page_id=43","title":{"rendered":"R\u00e9\u00e9quilibrage \u00e9nerg\u00e9tique de l&rsquo;habitat"},"content":{"rendered":"\n<div class=\"wp-block-image\"><figure class=\"aligncenter size-large is-resized\"><img loading=\"lazy\" decoding=\"async\" src=\"http:\/\/genkiamma.com\/wp-content\/uploads\/2020\/04\/IMG_9728-1024x765.jpg\" alt=\"\" class=\"wp-image-251\" width=\"417\" height=\"311\" srcset=\"https:\/\/genkiamma.com\/wp-content\/uploads\/2020\/04\/IMG_9728-1024x765.jpg 1024w, https:\/\/genkiamma.com\/wp-content\/uploads\/2020\/04\/IMG_9728-300x224.jpg 300w, https:\/\/genkiamma.com\/wp-content\/uploads\/2020\/04\/IMG_9728-768x574.jpg 768w, https:\/\/genkiamma.com\/wp-content\/uploads\/2020\/04\/IMG_9728.jpg 1296w\" sizes=\"auto, (max-width: 417px) 100vw, 417px\" \/><\/figure><\/div>\n\n\n\n<p>L\u2019harmonisation de l\u2019\u00e9nergie de votre lieu de vie est indispensable pour obtenir un habitat qui renforce votre \u00e9nergie alors qu\u2019il est tr\u00e8s souvent source de fatigue et de perturbations qui peuvent \u00eatre graves. Je r\u00e9alise le travail uniquement sur plans et \u00e0 distance. Cela comprend :<\/p>\n\n\n\n<ul class=\"wp-block-list\"><li> L\u2019\u00e9radication des perturbations \u00e9nerg\u00e9tiques d\u2019origines internes comme les \u00e9motions, les pens\u00e9es erron\u00e9es,\u2026 ou externes&nbsp; comme les entit\u00e9s de diverses natures.<\/li><li>Une harmonisation et une protection de l\u2019\u00e9nergie du lieu<\/li><li>De nombreux conseils pour maintenir l\u2019\u00e9nergie de votre habitat.<\/li><\/ul>\n\n\n\n<p><strong>Dans un premier temps<\/strong>,  je vous propose une <strong>\u00e9tude\/Bilan<\/strong>  par radiesth\u00e9sie et perception extra-sensorielle. Ce Bilan permet de conna\u00eetre votre taux vibratoire et de mettre en \u00e9vidence votre Champ astral avec les dissonances actives qui perturbent votre \u00eatre et votre habitat.  Un formulaire Bilan Vibratoire est \u00e0 remplir et \u00e0 me renvoyer avec votre r\u00e8glement. PDF. Votre Bilan vibratoire est r\u00e9alis\u00e9 par une \u00e9tude<\/p>\n\n\n\n<p><strong>Dans un deuxi\u00e8me temps<\/strong>, apr\u00e8s la r\u00e9alisation de l&rsquo;\u00e9tude et du bilan, j&rsquo;\u00e9tablis le <strong>devis  Nettoyage Harmonisation<\/strong> et protection concernant le r\u00e9\u00e9quilibrage \u00e9nerg\u00e9tique des personnes et du lieu.<\/p>\n\n\n\n<h2 class=\"wp-block-heading\"><strong>Etudes\/Bilans<\/strong><\/h2>\n\n\n\n<p>Voir ci-dessous le Formulaire papier \u00e0 remplir<\/p>\n\n\n\n<p><strong>Photos<\/strong>&nbsp;<strong>:<\/strong><\/p>\n\n\n\n<p><strong>\u2013&nbsp;Personne(s) :<\/strong>&nbsp;Joindre une photo r\u00e9cente (portrait &amp; sans lunettes de soleil) avec date(s) de naissance<\/p>\n\n\n\n<p><strong>\u2013 Maison :<\/strong>&nbsp;Joindre une photo vue de l\u2019ext\u00e9rieur et\/ou Plan du cadastre.<\/p>\n\n\n\n<p><strong>\u2013 Appartement :<\/strong>&nbsp;Photo du salon et celles des chambres. Plans ou croquis de l\u2019appartement. Dans l\u2019adresse, indiquez l\u2019\u00e9tage, N\u00b0 de porte, N\u00b0 du lot. <\/p>\n\n\n\n<p>Les photos et documents vous seront retourn\u00e9s uniquement si vous avez command\u00e9 un Bilan par courrier.<\/p>\n\n\n\n<p><strong>Engagement :<\/strong>&nbsp;Une demande de Bilan vibratoire ne vous engage pas \u00e0 donner une suite apr\u00e8s avoir re\u00e7u votre \u00e9tude.<\/p>\n\n\n\n<p><strong>Transparence :<\/strong>&nbsp;A l\u2019\u00e9tablissement d\u2019un Bilan Vibratoire, les honoraires d\u2019une consultation d\u2019harmonisation \u00e0 distance font l\u2019objet d\u2019un devis pr\u00e9alable soumis pour approbation et pour transparence optimale.<\/p>\n\n\n\n<p><strong>Pour information<\/strong>&nbsp;<strong>:<\/strong>&nbsp;Le Bilan vibratoire n\u2019est pas une voyance, une consultation m\u00e9diumnique (\u201cm\u00e9dium\u201d &nbsp;d\u00e9signe une \u00ab personne pouvant servir d\u2019interm\u00e9diaire entre les&nbsp;<em>esprits du bas astral<\/em>&nbsp;et les hommes \u00bb) ou un diagnostique m\u00e9dical et, ni une consultation \u00e0 distance pour une harmonisation du champ astral.<\/p>\n\n\n\n<p><\/p>\n\n\n\n<h2 class=\"wp-block-heading\"><strong>Nettoyage\/purification<\/strong>&nbsp;:<\/h2>\n\n\n\n<p>A l\u2019\u00e9tablissement d\u2019un Bilan Vibratoire, les honoraires d\u2019une Consultation De Nettoyage et d\u2019Harmonisation feront l\u2019objet d\u2019un devis pr\u00e9alable soumis pour approbation et pour transparence optimale.<\/p>\n\n\n\n<hr class=\"wp-block-separator\"\/>\n\n\n\n<p>Si vous avez des questions, n\u2019h\u00e9sitez pas \u00e0 <a href=\"http:\/\/genkiamma.com\/?page_id=10\">me contacter<\/a>.<\/p>\n\n\n\n<h2 class=\"wp-block-heading\">&nbsp;<strong>Etude\/Bilan personnel<\/strong><\/h2>\n\n\n\n<p><strong>20 \u20ac<\/strong><\/p>\n\n\n\n<p>Le bilan personnel ne peut \u00eatre r\u00e9alis\u00e9 que pour la personne nomm\u00e9e sur le formulaire et majeure.<br>Le bilan peut \u00eatre r\u00e9alis\u00e9 pour un enfant mineur ou adulte sous tutelle.<\/p>\n\n\n\n<p><strong>Le bilan comprend la recherche sur :<\/strong>&nbsp;la m\u00e9moire \u201cchoc \u00e9motionnel\u201d active, la pr\u00e9sence d\u2019entit\u00e9s dans le champ vital et le taux vibratoire.<\/p>\n\n\n\n<p><strong>Pour information :&nbsp;<\/strong>Le Bilan vibratoire n\u2019est pas une voyance, une consultation m\u00e9diumnique \u201cm\u00e9dium\u201d (d\u00e9signe une \u00ab personne pouvant servir d\u2019interm\u00e9diaire entre les&nbsp;<em>esprits du bas astral<\/em>&nbsp;et les hommes \u00bb) ou un diagnostique m\u00e9dical et, ni une consultation \u00e0 distance pour une harmonisation du champ astral.<\/p>\n\n\n\n<p><a href=\"http:\/\/genkiamma.com\/wp-content\/uploads\/2020\/04\/formulaire-bilan-vibratoire.pdf\">Acc\u00e9der au formulaire du bilan personnel<\/a><\/p>\n\n\n\n<h2 class=\"wp-block-heading\"><a href=\"https:\/\/passeurdames.fr\/etude-familiale\/\"><\/a><strong>Etude\/<a href=\"http:\/\/genkiamma.com\/wp-content\/uploads\/2020\/04\/formulaire-bilan-vibratoire.pdf\">Bilan familial<\/a><\/strong><\/h2>\n\n\n\n<p><strong>50 \u20ac<\/strong><\/p>\n\n\n\n<p>Le bilan comprend : les enfants mineurs, madame &amp; monsieur.<br>Si le bilan concerne \u00e9galement le\/la conjointe, assurez-vous de son consentement.<\/p>\n\n\n\n<p><strong>Le bilan comprend la recherche sur :<\/strong>&nbsp;la m\u00e9moire \u201cchoc \u00e9motionnel\u201d active, la pr\u00e9sence d\u2019entit\u00e9s dans le champ vital, et du taux vibratoire&nbsp; pour chaque personne.<\/p>\n\n\n\n<p><\/p>\n\n\n\n<p><strong><a href=\"http:\/\/genkiamma.com\/wp-content\/uploads\/2020\/04\/formulaire-bilan-vibratoire.pdf\">Acc\u00e9der au formulaire du bilan familial<\/a><\/strong><\/p>\n\n\n\n<h2 class=\"wp-block-heading\"><a href=\"https:\/\/passeurdames.fr\/etude-maison\/\"><\/a><strong>Etude\/<a href=\"http:\/\/genkiamma.com\/wp-content\/uploads\/2020\/04\/formulaire-bilan-vibratoire.pdf\">Bilan maison<\/a><\/strong><\/h2>\n\n\n\n<p><strong>50 \u20ac<\/strong><\/p>\n\n\n\n<p>La demande de ce bilan ne peut \u00eatre r\u00e9alis\u00e9e que par la personne nomm\u00e9e sur le formulaire et majeure.<br>Propri\u00e9taire ou locataire en nom des lieux : maison, appartement, ferme, commerce, ch\u00e2teau\u2026<\/p>\n\n\n\n<p><strong>Achat d\u2019un bien :<\/strong>&nbsp;Ce bilan peut \u00eatre r\u00e9alis\u00e9 avant l\u2019achat d\u2019un bien.<\/p>\n\n\n\n<p><strong>Le bilan comprend la recherche sur :<\/strong>&nbsp;la m\u00e9moire \u201cdes murs\u201d active, la pr\u00e9sence d\u2019entit\u00e9s et du taux vibratoire du lieu.<\/p>\n\n\n\n<p><strong><a href=\"http:\/\/genkiamma.com\/wp-content\/uploads\/2020\/04\/formulaire-bilan-vibratoire.pdf\">Acc\u00e9der au formulaire du bilan maison<\/a><\/strong><\/p>\n\n\n\n<div class=\"wp-block-image\"><figure class=\"aligncenter size-large is-resized\"><img loading=\"lazy\" decoding=\"async\" src=\"http:\/\/genkiamma.com\/wp-content\/uploads\/2020\/04\/IMG_9742-765x1024.jpg\" alt=\"\" class=\"wp-image-481\" width=\"303\" height=\"405\" srcset=\"https:\/\/genkiamma.com\/wp-content\/uploads\/2020\/04\/IMG_9742-765x1024.jpg 765w, https:\/\/genkiamma.com\/wp-content\/uploads\/2020\/04\/IMG_9742-224x300.jpg 224w, https:\/\/genkiamma.com\/wp-content\/uploads\/2020\/04\/IMG_9742-768x1028.jpg 768w, https:\/\/genkiamma.com\/wp-content\/uploads\/2020\/04\/IMG_9742-rotated.jpg 968w\" sizes=\"auto, (max-width: 303px) 100vw, 303px\" \/><\/figure><\/div>\n\n\n\n<h2 class=\"wp-block-heading\"><a href=\"https:\/\/passeurdames.fr\/wp-content\/uploads\/2019\/09\/Formulaire-.pdf\"><\/a><\/h2>\n\n\n\n<h2 class=\"wp-block-heading\"><a href=\"http:\/\/genkiamma.com\/wp-content\/uploads\/2020\/04\/formulaire-bilan-vibratoire.pdf\"><strong>Formulaire papier<\/strong><\/a><\/h2>\n\n\n\n<p><strong>Par courrier postal.<\/strong><\/p>\n\n\n\n<p>Bilan : personnel, familial, maison.<\/p>\n\n\n\n<p>Cliquez, imprimez et suivez les indications du formulaire. N\u2019oubliez pas de mettre votre adresse au dos de l\u2019enveloppe.<\/p>\n\n\n\n<p><strong><a href=\"http:\/\/genkiamma.com\/wp-content\/uploads\/2020\/04\/formulaire-bilan-vibratoire.pdf\">Acc\u00e9der au formulaire papier<\/a><\/strong><\/p>\n\n\n\n<p>&nbsp; &nbsp;&nbsp; <\/p>\n","protected":false},"excerpt":{"rendered":"<p>L\u2019harmonisation de l\u2019\u00e9nergie de votre lieu de vie est indispensable pour obtenir un habitat qui renforce votre \u00e9nergie alors qu\u2019il est tr\u00e8s souvent source de fatigue et de perturbations qui peuvent \u00eatre graves. Je r\u00e9alise le travail uniquement sur plans et \u00e0 distance. Cela comprend : L\u2019\u00e9radication des perturbations \u00e9nerg\u00e9tiques d\u2019origines internes comme les \u00e9motions, &hellip; <\/p>\n<p class=\"link-more\"><a href=\"https:\/\/genkiamma.com\/?page_id=43\" class=\"more-link\">Continuer la lecture<span class=\"screen-reader-text\"> de &laquo;&nbsp;R\u00e9\u00e9quilibrage \u00e9nerg\u00e9tique de l&rsquo;habitat&nbsp;&raquo;<\/span><\/a><\/p>\n","protected":false},"author":1,"featured_media":0,"parent":340,"menu_order":0,"comment_status":"closed","ping_status":"closed","template":"","meta":{"footnotes":""},"class_list":["post-43","page","type-page","status-publish","hentry"],"_links":{"self":[{"href":"https:\/\/genkiamma.com\/index.php?rest_route=\/wp\/v2\/pages\/43","targetHints":{"allow":["GET"]}}],"collection":[{"href":"https:\/\/genkiamma.com\/index.php?rest_route=\/wp\/v2\/pages"}],"about":[{"href":"https:\/\/genkiamma.com\/index.php?rest_route=\/wp\/v2\/types\/page"}],"author":[{"embeddable":true,"href":"https:\/\/genkiamma.com\/index.php?rest_route=\/wp\/v2\/users\/1"}],"replies":[{"embeddable":true,"href":"https:\/\/genkiamma.com\/index.php?rest_route=%2Fwp%2Fv2%2Fcomments&post=43"}],"version-history":[{"count":31,"href":"https:\/\/genkiamma.com\/index.php?rest_route=\/wp\/v2\/pages\/43\/revisions"}],"predecessor-version":[{"id":484,"href":"https:\/\/genkiamma.com\/index.php?rest_route=\/wp\/v2\/pages\/43\/revisions\/484"}],"up":[{"embeddable":true,"href":"https:\/\/genkiamma.com\/index.php?rest_route=\/wp\/v2\/pages\/340"}],"wp:attachment":[{"href":"https:\/\/genkiamma.com\/index.php?rest_route=%2Fwp%2Fv2%2Fmedia&parent=43"}],"curies":[{"name":"wp","href":"https:\/\/api.w.org\/{rel}","templated":true}]}}