{"id":45,"date":"2020-04-11T22:34:59","date_gmt":"2020-04-11T20:34:59","guid":{"rendered":"http:\/\/genkiamma.com\/?page_id=45"},"modified":"2020-04-16T13:48:38","modified_gmt":"2020-04-16T11:48:38","slug":"reequilibrage-habitat","status":"publish","type":"page","link":"https:\/\/genkiamma.com\/?page_id=45","title":{"rendered":"R\u00e9\u00e9quilibrage \u00e9nerg\u00e9tique du corps"},"content":{"rendered":"\n<figure class=\"wp-block-gallery columns-1 is-cropped wp-block-gallery-1 is-layout-flex wp-block-gallery-is-layout-flex\"><ul class=\"blocks-gallery-grid\"><li class=\"blocks-gallery-item\"><figure><img loading=\"lazy\" decoding=\"async\" width=\"765\" height=\"1024\" src=\"http:\/\/genkiamma.com\/wp-content\/uploads\/2020\/04\/reequilibrage-energetique-10-765x1024.jpg\" alt=\"\" data-id=\"438\" data-full-url=\"http:\/\/genkiamma.com\/wp-content\/uploads\/2020\/04\/reequilibrage-energetique-10-rotated.jpg\" data-link=\"http:\/\/genkiamma.com\/?attachment_id=438\" class=\"wp-image-438\" srcset=\"https:\/\/genkiamma.com\/wp-content\/uploads\/2020\/04\/reequilibrage-energetique-10-765x1024.jpg 765w, https:\/\/genkiamma.com\/wp-content\/uploads\/2020\/04\/reequilibrage-energetique-10-224x300.jpg 224w, https:\/\/genkiamma.com\/wp-content\/uploads\/2020\/04\/reequilibrage-energetique-10-768x1028.jpg 768w, https:\/\/genkiamma.com\/wp-content\/uploads\/2020\/04\/reequilibrage-energetique-10-rotated.jpg 968w\" sizes=\"auto, (max-width: 706px) 89vw, (max-width: 767px) 82vw, 740px\" \/><figcaption class=\"blocks-gallery-item__caption\">Comme l&rsquo;arbre, ancrez-vous!<\/figcaption><\/figure><\/li><\/ul><\/figure>\n\n\n\n<h2 class=\"wp-block-heading\"><strong>Une s\u00e9ance de r\u00e9\u00e9quilibrage \u00e9nerg\u00e9tique comprend&nbsp;:<\/strong><\/h2>\n\n\n\n<ul class=\"wp-block-list\"><li>Une analyse de votre situation et de vos besoins biologiques,<\/li><li>Un bilan vibratoire<\/li><li>Une lib\u00e9ration des sch\u00e8mes et entit\u00e9s<\/li><li>La purification de votre corps, des perturbations \u00e9nerg\u00e9tiques d\u2019origines diverses, Si besoin un protocole complet de nettoyage et de lib\u00e9ration d\u2019entit\u00e9s sera r\u00e9alis\u00e9.<\/li><li>Une activation de la circulation de l\u2019\u00e9nergie et un renforcement de vos centres \u00e9nerg\u00e9tiques<\/li><li>Un \u00e9quilibrage des 5 \u00e9l\u00e9ments (terre, eau, air, feu, \u00e9ther) et des 2 fluides (magn\u00e9tique et \u00e9lectrique)<\/li><li>Un soulagement de vos douleurs<\/li><li>Une lib\u00e9ration des m\u00e9moires et du karma,<\/li><\/ul>\n\n\n\n<p><strong>Les bienfaits d\u2019un soin \u00e9nerg\u00e9tique&nbsp;:<\/strong><\/p>\n\n\n\n<div class=\"wp-block-group\"><div class=\"wp-block-group__inner-container is-layout-flow wp-block-group-is-layout-flow\">\n<ul class=\"wp-block-list\"><li>Un regain d\u2019\u00e9nergie<\/li><li>Une am\u00e9lioration de la&nbsp; vitalit\u00e9<\/li><li>Un renforcement du syst\u00e8me immunitaire<\/li><li>Le soulagement des douleurs et des inflammations<\/li><li>La r\u00e9duction du stress<\/li><li>Une lib\u00e9ration des blocages physiques et mentaux <\/li><li>Une harmonisation globale de l\u2019\u00eatre au niveau physique, \u00e9motionnel, mental et spirituel. <\/li><\/ul>\n\n\n\n<div class=\"wp-block-group\"><div class=\"wp-block-group__inner-container is-layout-flow wp-block-group-is-layout-flow\">\n<div class=\"wp-block-group\"><div class=\"wp-block-group__inner-container is-layout-flow wp-block-group-is-layout-flow\">\n<figure class=\"wp-block-gallery columns-3 is-cropped wp-block-gallery-2 is-layout-flex wp-block-gallery-is-layout-flex\"><ul class=\"blocks-gallery-grid\"><li class=\"blocks-gallery-item\"><figure><img loading=\"lazy\" decoding=\"async\" width=\"768\" height=\"1024\" src=\"http:\/\/genkiamma.com\/wp-content\/uploads\/2020\/04\/reequilibrage-energetique-5-768x1024.jpg\" alt=\"\" data-id=\"184\" data-link=\"http:\/\/genkiamma.com\/?attachment_id=184\" class=\"wp-image-184\" srcset=\"https:\/\/genkiamma.com\/wp-content\/uploads\/2020\/04\/reequilibrage-energetique-5-768x1024.jpg 768w, https:\/\/genkiamma.com\/wp-content\/uploads\/2020\/04\/reequilibrage-energetique-5-225x300.jpg 225w, https:\/\/genkiamma.com\/wp-content\/uploads\/2020\/04\/reequilibrage-energetique-5-1152x1536.jpg 1152w, https:\/\/genkiamma.com\/wp-content\/uploads\/2020\/04\/reequilibrage-energetique-5-rotated.jpg 1512w\" sizes=\"auto, (max-width: 706px) 89vw, (max-width: 767px) 82vw, 740px\" \/><\/figure><\/li><li class=\"blocks-gallery-item\"><figure><img loading=\"lazy\" decoding=\"async\" width=\"768\" height=\"1024\" src=\"http:\/\/genkiamma.com\/wp-content\/uploads\/2020\/04\/reequilibrage-energetique-7-768x1024.jpg\" alt=\"\" data-id=\"171\" data-link=\"http:\/\/genkiamma.com\/?attachment_id=171\" class=\"wp-image-171\" srcset=\"https:\/\/genkiamma.com\/wp-content\/uploads\/2020\/04\/reequilibrage-energetique-7-768x1024.jpg 768w, https:\/\/genkiamma.com\/wp-content\/uploads\/2020\/04\/reequilibrage-energetique-7-225x300.jpg 225w, https:\/\/genkiamma.com\/wp-content\/uploads\/2020\/04\/reequilibrage-energetique-7-1152x1536.jpg 1152w, https:\/\/genkiamma.com\/wp-content\/uploads\/2020\/04\/reequilibrage-energetique-7-rotated.jpg 1512w\" sizes=\"auto, (max-width: 706px) 89vw, (max-width: 767px) 82vw, 740px\" \/><\/figure><\/li><li class=\"blocks-gallery-item\"><figure><img loading=\"lazy\" decoding=\"async\" width=\"768\" height=\"1024\" src=\"http:\/\/genkiamma.com\/wp-content\/uploads\/2020\/04\/reequilibrage-energetique-9-768x1024.jpg\" alt=\"\" data-id=\"172\" data-link=\"http:\/\/genkiamma.com\/?attachment_id=172\" class=\"wp-image-172\" srcset=\"https:\/\/genkiamma.com\/wp-content\/uploads\/2020\/04\/reequilibrage-energetique-9-768x1024.jpg 768w, https:\/\/genkiamma.com\/wp-content\/uploads\/2020\/04\/reequilibrage-energetique-9-225x300.jpg 225w, https:\/\/genkiamma.com\/wp-content\/uploads\/2020\/04\/reequilibrage-energetique-9-1152x1536.jpg 1152w, https:\/\/genkiamma.com\/wp-content\/uploads\/2020\/04\/reequilibrage-energetique-9-rotated.jpg 1512w\" sizes=\"auto, (max-width: 706px) 89vw, (max-width: 767px) 82vw, 740px\" \/><\/figure><\/li><li class=\"blocks-gallery-item\"><figure><img loading=\"lazy\" decoding=\"async\" width=\"1024\" height=\"768\" src=\"http:\/\/genkiamma.com\/wp-content\/uploads\/2020\/04\/reequilibrage-energetique-6-1-1024x768.jpg\" alt=\"\" data-id=\"182\" data-link=\"http:\/\/genkiamma.com\/?attachment_id=182\" class=\"wp-image-182\" srcset=\"https:\/\/genkiamma.com\/wp-content\/uploads\/2020\/04\/reequilibrage-energetique-6-1-1024x768.jpg 1024w, https:\/\/genkiamma.com\/wp-content\/uploads\/2020\/04\/reequilibrage-energetique-6-1-300x225.jpg 300w, https:\/\/genkiamma.com\/wp-content\/uploads\/2020\/04\/reequilibrage-energetique-6-1-768x576.jpg 768w, https:\/\/genkiamma.com\/wp-content\/uploads\/2020\/04\/reequilibrage-energetique-6-1-1536x1152.jpg 1536w, https:\/\/genkiamma.com\/wp-content\/uploads\/2020\/04\/reequilibrage-energetique-6-1.jpg 2016w\" sizes=\"auto, (max-width: 706px) 89vw, (max-width: 767px) 82vw, 740px\" \/><\/figure><\/li><li class=\"blocks-gallery-item\"><figure><img loading=\"lazy\" decoding=\"async\" width=\"768\" height=\"1024\" src=\"http:\/\/genkiamma.com\/wp-content\/uploads\/2020\/04\/IMG_1242-768x1024.jpg\" alt=\"\" data-id=\"485\" data-full-url=\"http:\/\/genkiamma.com\/wp-content\/uploads\/2020\/04\/IMG_1242-rotated.jpg\" data-link=\"http:\/\/genkiamma.com\/?attachment_id=485\" class=\"wp-image-485\" srcset=\"https:\/\/genkiamma.com\/wp-content\/uploads\/2020\/04\/IMG_1242-768x1024.jpg 768w, https:\/\/genkiamma.com\/wp-content\/uploads\/2020\/04\/IMG_1242-225x300.jpg 225w, https:\/\/genkiamma.com\/wp-content\/uploads\/2020\/04\/IMG_1242-1152x1536.jpg 1152w, https:\/\/genkiamma.com\/wp-content\/uploads\/2020\/04\/IMG_1242-rotated.jpg 1512w\" sizes=\"auto, (max-width: 706px) 89vw, (max-width: 767px) 82vw, 740px\" \/><\/figure><\/li><\/ul><\/figure>\n<\/div><\/div>\n<\/div><\/div>\n\n\n\n<h2 class=\"wp-block-heading\">&nbsp;Comment&nbsp;? En agissant sur les corps subtils<\/h2>\n\n\n\n<h1 class=\"wp-block-heading\">&nbsp;<strong>Les corps subtils<\/strong><\/h1>\n\n\n\n<div class=\"wp-block-image\"><figure class=\"aligncenter size-large is-resized\"><img loading=\"lazy\" decoding=\"async\" src=\"http:\/\/genkiamma.com\/wp-content\/uploads\/2020\/04\/corps-subtils.jpg\" alt=\"\" class=\"wp-image-440\" width=\"194\" height=\"167\" srcset=\"https:\/\/genkiamma.com\/wp-content\/uploads\/2020\/04\/corps-subtils.jpg 420w, https:\/\/genkiamma.com\/wp-content\/uploads\/2020\/04\/corps-subtils-300x258.jpg 300w\" sizes=\"auto, (max-width: 194px) 100vw, 194px\" \/><\/figure><\/div>\n<\/div><\/div>\n\n\n\n<p>Notre \u00eatre global est compos\u00e9 de&nbsp;diff\u00e9rentes couches, correspondant chacune \u00e0 un certain niveau et \u00e0 un \u00ab&nbsp;corps particulier&nbsp;\u00bb, dont l\u2019ensemble repr\u00e9sente les&nbsp;<strong>corps subtils<\/strong>. D\u00e9couvrons les principaux:<\/p>\n\n\n\n<ul class=\"wp-block-list\"><li>Le corps physique  est celui de l\u2019incarnation. C\u2019est le corps tangible, celui qui me d\u00e9finit. Mon corps physique est ici et non ailleurs. Il a une limite que je peux toucher. A l\u2019int\u00e9rieur de mon corps, il n\u2019y a pas d\u2019autres corps.<\/li><li>Le corps \u00e9th\u00e9rique est appel\u00e9 aussi le corps \u00e9nerg\u00e9tique ou vital mais aussi le corps de sensations\u2026 &nbsp;Avec ce corps, nous ressentons \u201cquelque chose\u201d en dehors de nous. Il est d\u00e9fini par notre bulle au-del\u00e0 du corps physique. Nous pouvons ressentir une personne qui entrerait dans cette bulle.<\/li><li>Le corps \u00e9motionnel: c\u2019est le vecteur privil\u00e9gi\u00e9 de nos \u00e9motions, qui repr\u00e9sentent de l\u2019\u00e9nergie en mouvement. La col\u00e8re, la peur, la tristesse, la joie sont les principales \u00e9motions connues mais il en existe bien d\u2019autres. Une \u00e9motion de col\u00e8re peut \u00eatre ressentie et non exprim\u00e9e, ainsi elle s&rsquo;imprime dans notre corps \u00e9motionnel <\/li><li>Le corps mental : les pens\u00e9es, croyances\u2026 c\u2019est le vecteur privil\u00e9gi\u00e9 de l\u2019intellect. Il a le pouvoir de diriger nos \u00e9motions Ce plan est d\u00e9fini par nos sch\u00e9mas de pens\u00e9e qui sont fa\u00e7onn\u00e9s par notre \u00e9ducation, par la soci\u00e9t\u00e9 dans laquelle on vit, par nos parents, nos coll\u00e8ges, nos amis.<\/li><li>Le corps causal, spirituel, divin&nbsp;est d\u00e9crit comme \u00e9tant une couche sup\u00e9rieure, plus subtile, qui est en lien avec notre mission sur terre. Pourquoi sommes-nous l\u00e0? Qu\u2019est-ce qui nous fait vivre? Il est reli\u00e9 \u00e0 notre intuition. Nous nous \u00e9levons vers le c\u00f4t\u00e9 plus universel de notre humanit\u00e9.<\/li><\/ul>\n\n\n\n<h1 class=\"wp-block-heading\">Interaction entre les corps subtils<\/h1>\n\n\n\n<p>Ces diff\u00e9rentes couches interagissent continuellement les unes avec les autres de telle sorte qu\u2019une modification sur un plan peut avoir un impact plus ou moins direct, \u00e0 court ou \u00e0 long terme, sur un autre plan.<\/p>\n\n\n\n<hr class=\"wp-block-separator\"\/>\n\n\n\n<h2 class=\"wp-block-heading\"><strong>Les troubles concern\u00e9s<\/strong><\/h2>\n\n\n\n<ul class=\"wp-block-list\"><li>Troubles de l&rsquo;appareil locomoteur: cervicalgies, sciatalgies<\/li><li>Douleurs articulaires (\u00e9paule, hanche, genoux, etc.), tendinite (tennis-elbow).<\/li><li>Troubles O.R.L: Laryngite, otite, sinusite. <\/li><li>Troubles respiratoires&nbsp;: Asthme, allergies<\/li><li>Troubles digestifs&nbsp;: A\u00e9rophagie, ballonnements, digestion lente, diarrh\u00e9es, constipation, reflux, spasmes.<\/li><li>Troubles dermatologiques&nbsp;: Br\u00fblure, ecz\u00e9ma, chalazion, herp\u00e8s, psoriasis, verrues, zona.<\/li><li>Troubles g\u00e9n\u00e9raux&nbsp;: Angoisse, anxi\u00e9t\u00e9, burn-out, c\u00e9phal\u00e9e, choc \u00e9motionnel, \u00e9nur\u00e9sie, insomnie, migraine, stress.<\/li><li>Autres : Tabagisme, aide au retour de la motricit\u00e9 apr\u00e8s op\u00e9ration ou immobilisation, pr\u00e9paration \u00e9nerg\u00e9tique avant comp\u00e9tition sportive, examens\u2026<\/li><\/ul>\n\n\n\n<p>Cette liste n&rsquo;est pas exhaustive. N&rsquo;h\u00e9sitez pas \u00e0&nbsp;me contacter&nbsp;pour tout compl\u00e9ment d&rsquo;information.<\/p>\n\n\n\n<p><a href=\"http:\/\/genkiamma.com\/?page_id=10\">&nbsp;Prendre rendez-vous<\/a><\/p>\n\n\n\n<h1 class=\"wp-block-heading\"><strong>S\u00e9ances \u2013 Conseils et informations<\/strong><\/h1>\n\n\n\n<h2 class=\"wp-block-heading\">Favoriser les bienfaits de la s\u00e9ance<\/h2>\n\n\n\n<ul class=\"wp-block-list\"><li>\u00e9viter les applications de cr\u00e8me hydratante ou autres substances (baume, huile, pommade) avant la s\u00e9ance<\/li><li>retirer sa montre, appareils auditifs, pierres, bijoux, (sauf alliance)<\/li><li>pour les personnes en perte de mobilit\u00e9 ou d\u2019autonomie, ou bien atteintes d&rsquo;une hernie discale, me contacter<\/li><li>marcher quelques minutes avant de prendre le volant apr\u00e8s la s\u00e9ance<\/li><li>\u00e9viter de se doucher le soir qui suit la s\u00e9ance<\/li><\/ul>\n\n\n\n<h2 class=\"wp-block-heading\">Information<\/h2>\n\n\n\n<p>Il n&rsquo;est pas n\u00e9cessaire de se d\u00e9v\u00eatir pour une&nbsp;<strong>s\u00e9ance de R\u00e9\u00e9quilibrage \u00e9nerg\u00e9tique&nbsp;<\/strong><\/p>\n\n\n\n<h2 class=\"wp-block-heading\"><\/h2>\n","protected":false},"excerpt":{"rendered":"<p>Une s\u00e9ance de r\u00e9\u00e9quilibrage \u00e9nerg\u00e9tique comprend&nbsp;: Une analyse de votre situation et de vos besoins biologiques, Un bilan vibratoire Une lib\u00e9ration des sch\u00e8mes et entit\u00e9s La purification de votre corps, des perturbations \u00e9nerg\u00e9tiques d\u2019origines diverses, Si besoin un protocole complet de nettoyage et de lib\u00e9ration d\u2019entit\u00e9s sera r\u00e9alis\u00e9. Une activation de la circulation de l\u2019\u00e9nergie &hellip; <\/p>\n<p class=\"link-more\"><a href=\"https:\/\/genkiamma.com\/?page_id=45\" class=\"more-link\">Continuer la lecture<span class=\"screen-reader-text\"> de &laquo;&nbsp;R\u00e9\u00e9quilibrage \u00e9nerg\u00e9tique du corps&nbsp;&raquo;<\/span><\/a><\/p>\n","protected":false},"author":1,"featured_media":0,"parent":340,"menu_order":0,"comment_status":"closed","ping_status":"closed","template":"","meta":{"footnotes":""},"class_list":["post-45","page","type-page","status-publish","hentry"],"_links":{"self":[{"href":"https:\/\/genkiamma.com\/index.php?rest_route=\/wp\/v2\/pages\/45","targetHints":{"allow":["GET"]}}],"collection":[{"href":"https:\/\/genkiamma.com\/index.php?rest_route=\/wp\/v2\/pages"}],"about":[{"href":"https:\/\/genkiamma.com\/index.php?rest_route=\/wp\/v2\/types\/page"}],"author":[{"embeddable":true,"href":"https:\/\/genkiamma.com\/index.php?rest_route=\/wp\/v2\/users\/1"}],"replies":[{"embeddable":true,"href":"https:\/\/genkiamma.com\/index.php?rest_route=%2Fwp%2Fv2%2Fcomments&post=45"}],"version-history":[{"count":31,"href":"https:\/\/genkiamma.com\/index.php?rest_route=\/wp\/v2\/pages\/45\/revisions"}],"predecessor-version":[{"id":544,"href":"https:\/\/genkiamma.com\/index.php?rest_route=\/wp\/v2\/pages\/45\/revisions\/544"}],"up":[{"embeddable":true,"href":"https:\/\/genkiamma.com\/index.php?rest_route=\/wp\/v2\/pages\/340"}],"wp:attachment":[{"href":"https:\/\/genkiamma.com\/index.php?rest_route=%2Fwp%2Fv2%2Fmedia&parent=45"}],"curies":[{"name":"wp","href":"https:\/\/api.w.org\/{rel}","templated":true}]}}