{"id":47,"date":"2020-04-11T22:34:59","date_gmt":"2020-04-11T20:34:59","guid":{"rendered":"http:\/\/genkiamma.com\/?page_id=47"},"modified":"2020-04-22T23:00:04","modified_gmt":"2020-04-22T21:00:04","slug":"magnetisme","status":"publish","type":"page","link":"https:\/\/genkiamma.com\/?page_id=47","title":{"rendered":"Magn\u00e9tisme"},"content":{"rendered":"\n<figure class=\"wp-block-image size-large\"><img loading=\"lazy\" decoding=\"async\" width=\"1024\" height=\"768\" src=\"http:\/\/genkiamma.com\/wp-content\/uploads\/2020\/04\/IMG_1315-1024x768.jpg\" alt=\"\" class=\"wp-image-504\" srcset=\"https:\/\/genkiamma.com\/wp-content\/uploads\/2020\/04\/IMG_1315-1024x768.jpg 1024w, https:\/\/genkiamma.com\/wp-content\/uploads\/2020\/04\/IMG_1315-300x225.jpg 300w, https:\/\/genkiamma.com\/wp-content\/uploads\/2020\/04\/IMG_1315-768x576.jpg 768w, https:\/\/genkiamma.com\/wp-content\/uploads\/2020\/04\/IMG_1315-1536x1152.jpg 1536w, https:\/\/genkiamma.com\/wp-content\/uploads\/2020\/04\/IMG_1315.jpg 2016w\" sizes=\"auto, (max-width: 706px) 89vw, (max-width: 767px) 82vw, 740px\" \/><\/figure>\n\n\n\n<p><a href=\"http:\/\/genkiamma.com\/?page_id=325\">Magn\u00e9tisme aux animaux<\/a><\/p>\n\n\n\n<p><a href=\"http:\/\/genkiamma.com\/?page_id=323\">Magn\u00e9tisme \u00e0 distance<\/a><\/p>\n\n\n\n<p><a href=\"http:\/\/genkiamma.com\/?page_id=327\">Conseils &amp; informations<\/a><\/p>\n\n\n\n<p><a href=\"http:\/\/genkiamma.com\/?page_id=329\">Cancer et magn\u00e9tisme<\/a><\/p>\n","protected":false},"excerpt":{"rendered":"<p>Magn\u00e9tisme aux animaux Magn\u00e9tisme \u00e0 distance Conseils &amp; informations Cancer et magn\u00e9tisme<\/p>\n","protected":false},"author":1,"featured_media":0,"parent":0,"menu_order":0,"comment_status":"closed","ping_status":"closed","template":"","meta":{"footnotes":""},"class_list":["post-47","page","type-page","status-publish","hentry"],"_links":{"self":[{"href":"https:\/\/genkiamma.com\/index.php?rest_route=\/wp\/v2\/pages\/47","targetHints":{"allow":["GET"]}}],"collection":[{"href":"https:\/\/genkiamma.com\/index.php?rest_route=\/wp\/v2\/pages"}],"about":[{"href":"https:\/\/genkiamma.com\/index.php?rest_route=\/wp\/v2\/types\/page"}],"author":[{"embeddable":true,"href":"https:\/\/genkiamma.com\/index.php?rest_route=\/wp\/v2\/users\/1"}],"replies":[{"embeddable":true,"href":"https:\/\/genkiamma.com\/index.php?rest_route=%2Fwp%2Fv2%2Fcomments&post=47"}],"version-history":[{"count":13,"href":"https:\/\/genkiamma.com\/index.php?rest_route=\/wp\/v2\/pages\/47\/revisions"}],"predecessor-version":[{"id":554,"href":"https:\/\/genkiamma.com\/index.php?rest_route=\/wp\/v2\/pages\/47\/revisions\/554"}],"wp:attachment":[{"href":"https:\/\/genkiamma.com\/index.php?rest_route=%2Fwp%2Fv2%2Fmedia&parent=47"}],"curies":[{"name":"wp","href":"https:\/\/api.w.org\/{rel}","templated":true}]}}