{"id":49,"date":"2020-04-11T22:34:59","date_gmt":"2020-04-11T20:34:59","guid":{"rendered":"http:\/\/genkiamma.com\/?page_id=49"},"modified":"2020-04-26T10:08:48","modified_gmt":"2020-04-26T08:08:48","slug":"passage-dame","status":"publish","type":"page","link":"https:\/\/genkiamma.com\/?page_id=49","title":{"rendered":"Lib\u00e9ration d&rsquo;\u00e2mes"},"content":{"rendered":"\n<figure class=\"wp-block-gallery columns-3 is-cropped wp-block-gallery-1 is-layout-flex wp-block-gallery-is-layout-flex\"><ul class=\"blocks-gallery-grid\"><li class=\"blocks-gallery-item\"><figure><img loading=\"lazy\" decoding=\"async\" width=\"960\" height=\"652\" src=\"http:\/\/genkiamma.com\/wp-content\/uploads\/2020\/04\/PASSAGE-AMES.jpg\" alt=\"\" data-id=\"77\" data-full-url=\"http:\/\/genkiamma.com\/wp-content\/uploads\/2020\/04\/PASSAGE-AMES.jpg\" data-link=\"http:\/\/genkiamma.com\/?attachment_id=77\" class=\"wp-image-77\" srcset=\"https:\/\/genkiamma.com\/wp-content\/uploads\/2020\/04\/PASSAGE-AMES.jpg 960w, https:\/\/genkiamma.com\/wp-content\/uploads\/2020\/04\/PASSAGE-AMES-300x204.jpg 300w, https:\/\/genkiamma.com\/wp-content\/uploads\/2020\/04\/PASSAGE-AMES-768x522.jpg 768w\" sizes=\"auto, (max-width: 706px) 89vw, (max-width: 767px) 82vw, 740px\" \/><\/figure><\/li><li class=\"blocks-gallery-item\"><figure><img loading=\"lazy\" decoding=\"async\" width=\"252\" height=\"253\" src=\"http:\/\/genkiamma.com\/wp-content\/uploads\/2020\/04\/passage-ame.gif\" alt=\"\" data-id=\"78\" data-full-url=\"http:\/\/genkiamma.com\/wp-content\/uploads\/2020\/04\/passage-ame.gif\" data-link=\"http:\/\/genkiamma.com\/?attachment_id=78\" class=\"wp-image-78\"\/><\/figure><\/li><li class=\"blocks-gallery-item\"><figure><img loading=\"lazy\" decoding=\"async\" width=\"877\" height=\"1024\" src=\"http:\/\/genkiamma.com\/wp-content\/uploads\/2020\/04\/passage-ame-877x1024.jpg\" alt=\"\" data-id=\"79\" data-full-url=\"http:\/\/genkiamma.com\/wp-content\/uploads\/2020\/04\/passage-ame.jpg\" data-link=\"http:\/\/genkiamma.com\/?attachment_id=79\" class=\"wp-image-79\" srcset=\"https:\/\/genkiamma.com\/wp-content\/uploads\/2020\/04\/passage-ame-877x1024.jpg 877w, https:\/\/genkiamma.com\/wp-content\/uploads\/2020\/04\/passage-ame-257x300.jpg 257w, https:\/\/genkiamma.com\/wp-content\/uploads\/2020\/04\/passage-ame-768x897.jpg 768w, https:\/\/genkiamma.com\/wp-content\/uploads\/2020\/04\/passage-ame.jpg 1309w\" sizes=\"auto, (max-width: 706px) 89vw, (max-width: 767px) 82vw, 740px\" \/><\/figure><\/li><\/ul><\/figure>\n\n\n\n<p><strong>Les \u00e2mes errantes <\/strong><\/p>\n\n\n\n<p>Les \u00e2mes dites errantes sont des \u00e2mes perdues. Elles ne savent pas qu&rsquo;elles sont d\u00e9sincarn\u00e9es. Ces \u00e2mes errantes sont encore rattach\u00e9es \u00e0 leur mati\u00e8re et se situent dans le bas astral. Ce sont souvent des personnes d\u00e9c\u00e9d\u00e9es d&rsquo;une mort violente, des personnes qui se sont suicid\u00e9es ou encore des personnes ayant v\u00e9cues leur passage dans l&rsquo;au-del\u00e0 dans une grande solitude.<\/p>\n\n\n\n<p>Lorsque vous les trouvez chez vous, g\u00e9n\u00e9ralement&nbsp;elles ne vous feront aucun mal mis \u00e0 part qu\u2019elles vivront avec vous. Vous aurez l&rsquo;impression de sentir une pr\u00e9sence et que vous n&rsquo;\u00eates pas seuls. Les m\u00e9diums clairvoyants ou clairaudients ont la capacit\u00e9 de les voir ou de les entendre. Ces \u00e2mes pr\u00e9sentes auront l&rsquo;impression que vous avez pris leur place dans ce lieu et que vous avez investi ce lieu sans autorisation. Elles feront en sorte de vous faire quitter l&rsquo;endroit. Si un esprit errant se trouve chez vous et qu&rsquo;il n&rsquo;a pas de compatibilit\u00e9 avec vous, vous finirez par vous sentir mal, il occasionnera des disputes, bref il fera tout pour vous faire quitter la maison. Dans le cas o\u00f9 vous \u00eates propri\u00e9taire et que vous voulez vendre votre bien, vous aurez du mal \u00e0 trouver un acheteur&#8230;<\/p>\n\n\n\n<p>Si vous avez une \u00e2me errante chez vous, vous finirez&nbsp; par \u00eatre fatigu\u00e9 voire \u00e9puis\u00e9 car votre habitat ne sera jamais en&nbsp; vibration haute.<\/p>\n\n\n\n<p>Il ne faut pas avoir peur des esprits errants mais simplement leur faire comprendre qu\u2019ils n\u2019ont plus rien \u00e0 faire l\u00e0 o\u00f9 ils se trouvent et les aider \u00e0 monter vers la lumi\u00e8re.<\/p>\n\n\n\n<p>Il ne faut pas confondre une \u00e2me errante avec un poltergeist qui est un esprit frappeur pr\u00e9sent volontairement pour vous nuire. Ils sont appel\u00e9s esprits mal\u00e9fiques ou d\u00e9mons. S&rsquo;ils se trouvent chez vous, ils vous feront passer des nuits sans sommeil, vous videront de votre \u00e9nergie, feront de votre maison un endroit cauchemardesque. Il faudra tr\u00e8s vite les enlever.<\/p>\n\n\n\n<p><strong>O\u00f9 retrouve-t-on toutes ces entit\u00e9s&nbsp;?<\/strong><\/p>\n\n\n\n<ul class=\"wp-block-list\"><li>dans des endroits o\u00f9 il y a beaucoup de passage comme les administrations,<\/li><li>les anciens \u00e9difices construits il y a tr\u00e8s longtemps,<\/li><li>dans des endroits o\u00f9 ont eu lieu des messes noires ou des pratiques occultes,<\/li><li>dans une maison o\u00f9 il y a eu un d\u00e9c\u00e8s,<\/li><li>dans les h\u00f4pitaux,<\/li><li>dans les bo\u00eetes de nuit<\/li><li>mais aussi dans nos maisons&#8230;<\/li><\/ul>\n\n\n\n<p>Souvent, il s&rsquo;agit de personnes d\u00e9c\u00e9d\u00e9es subitement qui ne comprennent pas vraiment ce qui leur arrivent ou des personnes victimes d&rsquo;un accident violent, ou des personnes qui tout simplement sont trop attach\u00e9es \u00e0 un lieu ou \u00e0 un proche. Elles ne sont d&rsquo;ailleurs pas forc\u00e9ment issues de la maison o\u00f9 vous habitez. Dans tous les cas, il faut les aider \u00e0 rejoindre la lumi\u00e8re.<\/p>\n\n\n\n<p>Certaines entit\u00e9s s&rsquo;accrochent aux humains et pompent leur \u00e9nergie. Elles sont attir\u00e9es par les gens qui ont des faiblesses et en profitent pour accentuer leurs probl\u00e8mes.<\/p>\n\n\n\n<p>Les gens extr\u00eamement angoiss\u00e9s, fatigu\u00e9s, d\u00e9pressifs, sans cesse malades sans raison apparente, peuvent avoir une entit\u00e9 accroch\u00e9e \u00e0 eux.<\/p>\n\n\n\n<p>Un parent proche d\u00e9c\u00e9d\u00e9 peut rester \u00e0 vos c\u00f4t\u00e9s pour plusieurs raisons&nbsp;:<\/p>\n\n\n\n<ul class=\"wp-block-list\"><li>votre tristesse ou votre d\u00e9sir qu&rsquo;il reste aupr\u00e8s de vous l&#8217;emp\u00eache de rejoindre la lumi\u00e8re,<\/li><li>pour vous aider,<\/li><li>mais aussi parce qu&rsquo;il est mort en souffrant (maladie, accident).<\/li><\/ul>\n\n\n\n<p>Dans tous les cas, il ne doit pas rester l\u00e0. Ce n&rsquo;est pas sa place. Il puise votre \u00e9nergie sans le vouloir et alt\u00e8re votre sant\u00e9 mentale ou physique.<\/p>\n\n\n\n<p>Exemple&nbsp;: Des personnes peuvent d\u00e9clencher de l&rsquo;ecz\u00e9ma suite au d\u00e9c\u00e8s d&rsquo;un proche qui reste aupr\u00e8s d&rsquo;eux. Et celui-ci ne dispara\u00eetra pas si l&rsquo;\u00e2me du d\u00e9funt n&rsquo;est pas conduite vers la lumi\u00e8re.<\/p>\n\n\n\n<p><strong>Quelques conseils pour moins attirer les entit\u00e9s :<\/strong><\/p>\n\n\n\n<ul class=\"wp-block-list\"><li>\u00c9vitez&nbsp;de visionner des films d&rsquo;horreur, de guerre, de violence, qui contribuent \u00e0 nourrir le c\u00f4t\u00e9 sombre des choses, mais aussi les reportages sur la mis\u00e8re, les gens qui souffrent et les actualit\u00e9s.<\/li><li>\u00c9vitez&nbsp;tous les sentiments n\u00e9gatifs tels que : La peur, la col\u00e8re, la haine, la&nbsp;ranc\u0153ur, la jalousie, l&rsquo;envie et les mauvaises pens\u00e9es que ce soit pour vous&nbsp;ou pour les autres&#8230;&nbsp;<\/li><li>Veillez \u00e0 avoir un bon ancrage et marchez en for\u00eat pour conserver une bonne \u00e9nergie.<\/li><\/ul>\n\n\n\n<p><strong>Que pouvez-vous ressentir lorsqu&rsquo;une entit\u00e9 est accroch\u00e9e \u00e0 vous ?<\/strong><\/p>\n\n\n\n<ul class=\"wp-block-list\"><li>Mal de dos (elles s&rsquo;y accrochent),<\/li><li>Perte d&rsquo;\u00e9nergie,<\/li><li>Stress et angoisses,<\/li><li>Fatigue chronique,<\/li><li>Baisse de moral,<\/li><li>Tendances d\u00e9pressives,<\/li><li>Impression de pesanteur sur les \u00e9paules,<\/li><li>Vertiges,<\/li><li>Vision d\u00e9cal\u00e9e&#8230;<\/li><\/ul>\n\n\n\n<p>Les entit\u00e9s n\u00e9gatives sont souvent des \u00e2mes errantes en souffrance qui demandent de l&rsquo;aide. Cependant, elles peuvent malgr\u00e9 elles causer de grands malheurs pour certaines personnes. Celles-ci s&rsquo;accrochant \u00e0 un endroit en particulier essaient de survivre en subsistant difficilement, en prenant votre \u00e9nergie qui est d\u00e9j\u00e0 basse, tr\u00e8s basse. Vous vous affaiblissez encore, ce qui provoque l&rsquo;arriv\u00e9e d&rsquo;autres entit\u00e9s. Une personne peut en avoir plus d&rsquo;une vingtaine accroch\u00e9e apr\u00e8s elle, parfois beaucoup plus.<\/p>\n\n\n\n<p><strong>Liste des pollutions enlev\u00e9es lors d&rsquo;un nettoyage \u00e9nerg\u00e9tique \u00e0 la personne:<\/strong><\/p>\n\n\n\n<ul class=\"wp-block-list\"><li>Les entit\u00e9s n\u00e9gatives et nuisibles, les entit\u00e9s parasites, les entit\u00e9s du bas astral, les larves et r\u00e9sidus<\/li><li> les formes pens\u00e9es n\u00e9gatives, les \u00e2mes souffrantes et errantes, les personnes d\u00e9c\u00e9d\u00e9es de votre famille ou des proches<\/li><li> les \u00e9nergies n\u00e9gatives ou congestionn\u00e9es, les charges \u00e9motionnelles, les non-dits, les liens de possessivit\u00e9, les empoisonnements psychiques, la programmation des interdits, les sch\u00e8mes et leurs \u00e9manations<\/li><li> l&rsquo;impr\u00e9gnation des blocages du karma n\u00e9gatif, les v\u0153ux p\u00e9rim\u00e9s, les liens karmiques avec vos anc\u00eatres, les pieux astraux, les m\u00e9moires n\u00e9gatives<\/li><li> les cordes ou liens vous reliant \u00e0 des entit\u00e9s. les \u00e9nergies n\u00e9gatives ou congestionn\u00e9es<\/li><li> les charges \u00e9motionnelles, les non-dits, les liens de possessivit\u00e9<\/li><li> les empoisonnements psychiques, la programmation des interdits, les sch\u00e8mes et leurs \u00e9manations<\/li><\/ul>\n","protected":false},"excerpt":{"rendered":"<p>Les \u00e2mes errantes Les \u00e2mes dites errantes sont des \u00e2mes perdues. Elles ne savent pas qu&rsquo;elles sont d\u00e9sincarn\u00e9es. Ces \u00e2mes errantes sont encore rattach\u00e9es \u00e0 leur mati\u00e8re et se situent dans le bas astral. Ce sont souvent des personnes d\u00e9c\u00e9d\u00e9es d&rsquo;une mort violente, des personnes qui se sont suicid\u00e9es ou encore des personnes ayant v\u00e9cues &hellip; <\/p>\n<p class=\"link-more\"><a href=\"https:\/\/genkiamma.com\/?page_id=49\" class=\"more-link\">Continuer la lecture<span class=\"screen-reader-text\"> de &laquo;&nbsp;Lib\u00e9ration d&rsquo;\u00e2mes&nbsp;&raquo;<\/span><\/a><\/p>\n","protected":false},"author":1,"featured_media":0,"parent":0,"menu_order":0,"comment_status":"closed","ping_status":"closed","template":"","meta":{"footnotes":""},"class_list":["post-49","page","type-page","status-publish","hentry"],"_links":{"self":[{"href":"https:\/\/genkiamma.com\/index.php?rest_route=\/wp\/v2\/pages\/49","targetHints":{"allow":["GET"]}}],"collection":[{"href":"https:\/\/genkiamma.com\/index.php?rest_route=\/wp\/v2\/pages"}],"about":[{"href":"https:\/\/genkiamma.com\/index.php?rest_route=\/wp\/v2\/types\/page"}],"author":[{"embeddable":true,"href":"https:\/\/genkiamma.com\/index.php?rest_route=\/wp\/v2\/users\/1"}],"replies":[{"embeddable":true,"href":"https:\/\/genkiamma.com\/index.php?rest_route=%2Fwp%2Fv2%2Fcomments&post=49"}],"version-history":[{"count":9,"href":"https:\/\/genkiamma.com\/index.php?rest_route=\/wp\/v2\/pages\/49\/revisions"}],"predecessor-version":[{"id":557,"href":"https:\/\/genkiamma.com\/index.php?rest_route=\/wp\/v2\/pages\/49\/revisions\/557"}],"wp:attachment":[{"href":"https:\/\/genkiamma.com\/index.php?rest_route=%2Fwp%2Fv2%2Fmedia&parent=49"}],"curies":[{"name":"wp","href":"https:\/\/api.w.org\/{rel}","templated":true}]}}