{"id":51,"date":"2020-04-11T22:34:59","date_gmt":"2020-04-11T20:34:59","guid":{"rendered":"http:\/\/genkiamma.com\/?page_id=51"},"modified":"2020-04-22T09:37:06","modified_gmt":"2020-04-22T07:37:06","slug":"accompagnement-cvs","status":"publish","type":"page","link":"https:\/\/genkiamma.com\/?page_id=51","title":{"rendered":"Le  Chemin Vers Soi: Accompagnement GENKI CVS"},"content":{"rendered":"\n<div class=\"wp-block-image\"><figure class=\"aligncenter size-large is-resized\"><img loading=\"lazy\" decoding=\"async\" src=\"http:\/\/genkiamma.com\/wp-content\/uploads\/2020\/04\/accompagnement-chemin-vers-soi-1-768x1024.jpg\" alt=\"\" class=\"wp-image-221\" width=\"273\" height=\"363\" srcset=\"https:\/\/genkiamma.com\/wp-content\/uploads\/2020\/04\/accompagnement-chemin-vers-soi-1-768x1024.jpg 768w, https:\/\/genkiamma.com\/wp-content\/uploads\/2020\/04\/accompagnement-chemin-vers-soi-1-225x300.jpg 225w, https:\/\/genkiamma.com\/wp-content\/uploads\/2020\/04\/accompagnement-chemin-vers-soi-1-1152x1536.jpg 1152w, https:\/\/genkiamma.com\/wp-content\/uploads\/2020\/04\/accompagnement-chemin-vers-soi-1.jpg 1224w\" sizes=\"auto, (max-width: 273px) 100vw, 273px\" \/><\/figure><\/div>\n\n\n\n<p>Mon r\u00f4le est de vous aider \u00e0 retrouver votre \u00e9quilibre int\u00e9rieur en clarifiant vos ressentis, vos \u00e9motions et vos pens\u00e9es.<\/p>\n\n\n\n<blockquote class=\"wp-block-quote has-text-align-center is-layout-flow wp-block-quote-is-layout-flow\"><p>\u00ab\u00a0Etre conscients d&rsquo;exister est le secret qui met l&rsquo;existence en pleine lumi\u00e8re, qui am\u00e8ne au pouvoir de concentration et conduit la sagesse \u00e0 porter ses fruits\u00a0\u00bb<\/p><p>Thich Nh\u00e2t Hanh<\/p><\/blockquote>\n\n\n\n<p>Je vous propose des s\u00e9ances d\u2019Accompagnement, avec des conseils en Epig\u00e9netique pour vous aider \u00e0 vous \u00e9panouir en vous aidant \u00e0&nbsp;: <\/p>\n\n\n\n<ul class=\"wp-block-list\"><li>Utiliser&nbsp; un nouveau mode de pens\u00e9es qui modifiera  vos exp\u00e9riences au quotidien <\/li><li>Acc\u00e9der aux capacit\u00e9s d\u2019apprentissage&nbsp; et d\u2019auto gu\u00e9rison que vous poss\u00e9dez d\u00e9j\u00e0  <\/li><li>Ecouter la sagesse intuitive de vos guides<\/li><li>\u00c9veiller le pouvoir de faire fusionner votre cerveau et votre c\u0153ur pour faire les justes choix justes en rapport avec votre situation personnelle <\/li><li>Cr\u00e9er de nouvelles solutions <\/li><li>Reconna\u00eetre vos v\u00e9ritables besoins<\/li><\/ul>\n\n\n\n<p>&nbsp; L\u2019\u00e9pig\u00e9n\u00e9tique est la possibilit\u00e9 de moduler l\u2019expression de nos g\u00e8nes par notre comportement. Nous ne sommes plus d\u00e9termin\u00e9s par nos g\u00e8nes (seulement 2%). Nous pouvons agir sur les g\u00eanes sans changer les codes g\u00e9n\u00e9tiques mais plut\u00f4t en modifiant notre comportement par les 5 \u00e9l\u00e9ments suivants&nbsp;:<\/p>\n\n\n\n<figure class=\"wp-block-gallery columns-1 is-cropped wp-block-gallery-1 is-layout-flex wp-block-gallery-is-layout-flex\"><ul class=\"blocks-gallery-grid\"><li class=\"blocks-gallery-item\"><figure><img decoding=\"async\" src=\"blob:http:\/\/genkiamma.com\/2e6f56e0-8d21-4cc1-977b-a83f396767c2\"\/><\/figure><\/li><\/ul><\/figure>\n\n\n\n<p><\/p>\n\n\n\n<ul class=\"wp-block-list\"><li>Nutrition<\/li><li>Exercice mod\u00e9r\u00e9<\/li><li>Plaisir de l&rsquo;instant pr\u00e9sent<\/li><li>Le r\u00e9seau familial, social, professionnel<\/li><li>Management du stress<\/li><\/ul>\n\n\n\n<p>En harmonie avec ces cinq \u00e9l\u00e9ments, tous les jours de notre vie, nous secr\u00e9tons dans notre corps des mol\u00e9cules qui agissent comme des cl\u00e9s qui ouvrent les tiroirs des g\u00e8nes. Ceci dans le but de&nbsp; nous permettre de nous transformer. Nous sommes alors responsables de notre corps, acteur de notre vie&nbsp;!<\/p>\n\n\n\n<div class=\"wp-block-group\"><div class=\"wp-block-group__inner-container is-layout-flow wp-block-group-is-layout-flow\">\n<figure class=\"wp-block-gallery columns-3 is-cropped wp-block-gallery-2 is-layout-flex wp-block-gallery-is-layout-flex\"><ul class=\"blocks-gallery-grid\"><li class=\"blocks-gallery-item\"><figure><img loading=\"lazy\" decoding=\"async\" width=\"768\" height=\"1024\" src=\"http:\/\/genkiamma.com\/wp-content\/uploads\/2020\/04\/accompagnement-cvs-2-768x1024.jpg\" alt=\"\" data-id=\"139\" data-link=\"http:\/\/genkiamma.com\/?attachment_id=139\" class=\"wp-image-139\" srcset=\"https:\/\/genkiamma.com\/wp-content\/uploads\/2020\/04\/accompagnement-cvs-2-768x1024.jpg 768w, https:\/\/genkiamma.com\/wp-content\/uploads\/2020\/04\/accompagnement-cvs-2-225x300.jpg 225w, https:\/\/genkiamma.com\/wp-content\/uploads\/2020\/04\/accompagnement-cvs-2-1152x1536.jpg 1152w, https:\/\/genkiamma.com\/wp-content\/uploads\/2020\/04\/accompagnement-cvs-2-rotated.jpg 1224w\" sizes=\"auto, (max-width: 706px) 89vw, (max-width: 767px) 82vw, 740px\" \/><\/figure><\/li><li class=\"blocks-gallery-item\"><figure><img loading=\"lazy\" decoding=\"async\" width=\"768\" height=\"1024\" src=\"http:\/\/genkiamma.com\/wp-content\/uploads\/2020\/04\/accompagnement-cvs-3-768x1024.jpg\" alt=\"\" data-id=\"140\" data-link=\"http:\/\/genkiamma.com\/?attachment_id=140\" class=\"wp-image-140\" srcset=\"https:\/\/genkiamma.com\/wp-content\/uploads\/2020\/04\/accompagnement-cvs-3-768x1024.jpg 768w, https:\/\/genkiamma.com\/wp-content\/uploads\/2020\/04\/accompagnement-cvs-3-225x300.jpg 225w, https:\/\/genkiamma.com\/wp-content\/uploads\/2020\/04\/accompagnement-cvs-3-1152x1536.jpg 1152w, https:\/\/genkiamma.com\/wp-content\/uploads\/2020\/04\/accompagnement-cvs-3-rotated.jpg 1224w\" sizes=\"auto, (max-width: 706px) 89vw, (max-width: 767px) 82vw, 740px\" \/><\/figure><\/li><li class=\"blocks-gallery-item\"><figure><img loading=\"lazy\" decoding=\"async\" width=\"813\" height=\"1024\" src=\"http:\/\/genkiamma.com\/wp-content\/uploads\/2020\/04\/accompagnement-cvs-4-813x1024.jpg\" alt=\"\" data-id=\"141\" data-link=\"http:\/\/genkiamma.com\/?attachment_id=141\" class=\"wp-image-141\" srcset=\"https:\/\/genkiamma.com\/wp-content\/uploads\/2020\/04\/accompagnement-cvs-4-813x1024.jpg 813w, https:\/\/genkiamma.com\/wp-content\/uploads\/2020\/04\/accompagnement-cvs-4-238x300.jpg 238w, https:\/\/genkiamma.com\/wp-content\/uploads\/2020\/04\/accompagnement-cvs-4-768x967.jpg 768w, https:\/\/genkiamma.com\/wp-content\/uploads\/2020\/04\/accompagnement-cvs-4.jpg 1120w\" sizes=\"auto, (max-width: 706px) 89vw, (max-width: 767px) 82vw, 740px\" \/><\/figure><\/li><li class=\"blocks-gallery-item\"><figure><img loading=\"lazy\" decoding=\"async\" width=\"768\" height=\"1024\" src=\"http:\/\/genkiamma.com\/wp-content\/uploads\/2020\/04\/accompagnement-cvs-5-768x1024.jpg\" alt=\"\" data-id=\"142\" data-link=\"http:\/\/genkiamma.com\/?attachment_id=142\" class=\"wp-image-142\" srcset=\"https:\/\/genkiamma.com\/wp-content\/uploads\/2020\/04\/accompagnement-cvs-5-768x1024.jpg 768w, https:\/\/genkiamma.com\/wp-content\/uploads\/2020\/04\/accompagnement-cvs-5-225x300.jpg 225w, https:\/\/genkiamma.com\/wp-content\/uploads\/2020\/04\/accompagnement-cvs-5-1152x1536.jpg 1152w, https:\/\/genkiamma.com\/wp-content\/uploads\/2020\/04\/accompagnement-cvs-5-rotated.jpg 1224w\" sizes=\"auto, (max-width: 706px) 89vw, (max-width: 767px) 82vw, 740px\" \/><\/figure><\/li><li class=\"blocks-gallery-item\"><figure><img loading=\"lazy\" decoding=\"async\" width=\"768\" height=\"1024\" src=\"http:\/\/genkiamma.com\/wp-content\/uploads\/2020\/04\/accompagnement-cvs-7-768x1024.jpg\" alt=\"\" data-id=\"144\" data-link=\"http:\/\/genkiamma.com\/?attachment_id=144\" class=\"wp-image-144\" srcset=\"https:\/\/genkiamma.com\/wp-content\/uploads\/2020\/04\/accompagnement-cvs-7-768x1024.jpg 768w, https:\/\/genkiamma.com\/wp-content\/uploads\/2020\/04\/accompagnement-cvs-7-225x300.jpg 225w, https:\/\/genkiamma.com\/wp-content\/uploads\/2020\/04\/accompagnement-cvs-7-1152x1536.jpg 1152w, https:\/\/genkiamma.com\/wp-content\/uploads\/2020\/04\/accompagnement-cvs-7-rotated.jpg 1224w\" sizes=\"auto, (max-width: 706px) 89vw, (max-width: 767px) 82vw, 740px\" \/><\/figure><\/li><li class=\"blocks-gallery-item\"><figure><img loading=\"lazy\" decoding=\"async\" width=\"768\" height=\"1024\" src=\"http:\/\/genkiamma.com\/wp-content\/uploads\/2020\/04\/accompagnement-cvs-8-768x1024.jpg\" alt=\"\" data-id=\"145\" data-link=\"http:\/\/genkiamma.com\/?attachment_id=145\" class=\"wp-image-145\" srcset=\"https:\/\/genkiamma.com\/wp-content\/uploads\/2020\/04\/accompagnement-cvs-8-768x1024.jpg 768w, https:\/\/genkiamma.com\/wp-content\/uploads\/2020\/04\/accompagnement-cvs-8-225x300.jpg 225w, https:\/\/genkiamma.com\/wp-content\/uploads\/2020\/04\/accompagnement-cvs-8-1152x1536.jpg 1152w, https:\/\/genkiamma.com\/wp-content\/uploads\/2020\/04\/accompagnement-cvs-8-rotated.jpg 1224w\" sizes=\"auto, (max-width: 706px) 89vw, (max-width: 767px) 82vw, 740px\" \/><\/figure><\/li><li class=\"blocks-gallery-item\"><figure><img loading=\"lazy\" decoding=\"async\" width=\"1024\" height=\"768\" src=\"http:\/\/genkiamma.com\/wp-content\/uploads\/2020\/04\/accompagnement-cvs-9-1024x768.jpg\" alt=\"\" data-id=\"146\" data-link=\"http:\/\/genkiamma.com\/?attachment_id=146\" class=\"wp-image-146\" srcset=\"https:\/\/genkiamma.com\/wp-content\/uploads\/2020\/04\/accompagnement-cvs-9-1024x768.jpg 1024w, https:\/\/genkiamma.com\/wp-content\/uploads\/2020\/04\/accompagnement-cvs-9-300x225.jpg 300w, https:\/\/genkiamma.com\/wp-content\/uploads\/2020\/04\/accompagnement-cvs-9-768x576.jpg 768w, https:\/\/genkiamma.com\/wp-content\/uploads\/2020\/04\/accompagnement-cvs-9.jpg 1280w\" sizes=\"auto, (max-width: 706px) 89vw, (max-width: 767px) 82vw, 740px\" \/><\/figure><\/li><li class=\"blocks-gallery-item\"><figure><img loading=\"lazy\" decoding=\"async\" width=\"768\" height=\"1024\" src=\"http:\/\/genkiamma.com\/wp-content\/uploads\/2020\/04\/accompagnement-cvs-10-768x1024.jpg\" alt=\"\" data-id=\"147\" data-link=\"http:\/\/genkiamma.com\/?attachment_id=147\" class=\"wp-image-147\" srcset=\"https:\/\/genkiamma.com\/wp-content\/uploads\/2020\/04\/accompagnement-cvs-10-768x1024.jpg 768w, https:\/\/genkiamma.com\/wp-content\/uploads\/2020\/04\/accompagnement-cvs-10-225x300.jpg 225w, https:\/\/genkiamma.com\/wp-content\/uploads\/2020\/04\/accompagnement-cvs-10-1152x1536.jpg 1152w, https:\/\/genkiamma.com\/wp-content\/uploads\/2020\/04\/accompagnement-cvs-10-rotated.jpg 1224w\" sizes=\"auto, (max-width: 706px) 89vw, (max-width: 767px) 82vw, 740px\" \/><\/figure><\/li><li class=\"blocks-gallery-item\"><figure><img loading=\"lazy\" decoding=\"async\" width=\"768\" height=\"1024\" src=\"http:\/\/genkiamma.com\/wp-content\/uploads\/2020\/04\/accompagnement-cvs-768x1024.jpg\" alt=\"\" data-id=\"148\" data-link=\"http:\/\/genkiamma.com\/?attachment_id=148\" class=\"wp-image-148\" srcset=\"https:\/\/genkiamma.com\/wp-content\/uploads\/2020\/04\/accompagnement-cvs-768x1024.jpg 768w, https:\/\/genkiamma.com\/wp-content\/uploads\/2020\/04\/accompagnement-cvs-225x300.jpg 225w, https:\/\/genkiamma.com\/wp-content\/uploads\/2020\/04\/accompagnement-cvs-1152x1536.jpg 1152w, https:\/\/genkiamma.com\/wp-content\/uploads\/2020\/04\/accompagnement-cvs-rotated.jpg 1224w\" sizes=\"auto, (max-width: 706px) 89vw, (max-width: 767px) 82vw, 740px\" \/><\/figure><\/li><li class=\"blocks-gallery-item\"><figure><img loading=\"lazy\" decoding=\"async\" width=\"768\" height=\"1024\" src=\"http:\/\/genkiamma.com\/wp-content\/uploads\/2020\/04\/accompagnement-cvs-6-768x1024.jpg\" alt=\"\" data-id=\"143\" data-link=\"http:\/\/genkiamma.com\/?attachment_id=143\" class=\"wp-image-143\" srcset=\"https:\/\/genkiamma.com\/wp-content\/uploads\/2020\/04\/accompagnement-cvs-6-768x1024.jpg 768w, https:\/\/genkiamma.com\/wp-content\/uploads\/2020\/04\/accompagnement-cvs-6-225x300.jpg 225w, https:\/\/genkiamma.com\/wp-content\/uploads\/2020\/04\/accompagnement-cvs-6-1152x1536.jpg 1152w, https:\/\/genkiamma.com\/wp-content\/uploads\/2020\/04\/accompagnement-cvs-6-rotated.jpg 1224w\" sizes=\"auto, (max-width: 706px) 89vw, (max-width: 767px) 82vw, 740px\" \/><\/figure><\/li><\/ul><\/figure>\n<\/div><\/div>\n\n\n\n<div class=\"wp-block-group\"><div class=\"wp-block-group__inner-container is-layout-flow wp-block-group-is-layout-flow\">\n<figure class=\"wp-block-gallery columns-3 is-cropped wp-block-gallery-3 is-layout-flex wp-block-gallery-is-layout-flex\"><ul class=\"blocks-gallery-grid\"><li class=\"blocks-gallery-item\"><figure><img loading=\"lazy\" decoding=\"async\" width=\"768\" height=\"1024\" src=\"http:\/\/genkiamma.com\/wp-content\/uploads\/2020\/04\/acc-cvs-alimentation-vivante-v\u00e9g\u00e9tale-vari\u00e9e-19-2-768x1024.jpg\" alt=\"\" data-id=\"269\" data-link=\"http:\/\/genkiamma.com\/?attachment_id=269\" class=\"wp-image-269\" srcset=\"https:\/\/genkiamma.com\/wp-content\/uploads\/2020\/04\/acc-cvs-alimentation-vivante-v\u00e9g\u00e9tale-vari\u00e9e-19-2-768x1024.jpg 768w, https:\/\/genkiamma.com\/wp-content\/uploads\/2020\/04\/acc-cvs-alimentation-vivante-v\u00e9g\u00e9tale-vari\u00e9e-19-2-225x300.jpg 225w, https:\/\/genkiamma.com\/wp-content\/uploads\/2020\/04\/acc-cvs-alimentation-vivante-v\u00e9g\u00e9tale-vari\u00e9e-19-2-1152x1536.jpg 1152w, https:\/\/genkiamma.com\/wp-content\/uploads\/2020\/04\/acc-cvs-alimentation-vivante-v\u00e9g\u00e9tale-vari\u00e9e-19-2-rotated.jpg 1512w\" sizes=\"auto, (max-width: 706px) 89vw, (max-width: 767px) 82vw, 740px\" \/><\/figure><\/li><li class=\"blocks-gallery-item\"><figure><img loading=\"lazy\" decoding=\"async\" width=\"768\" height=\"1024\" src=\"http:\/\/genkiamma.com\/wp-content\/uploads\/2020\/04\/acc-cvs-alimentation-vivante-v\u00e9g\u00e9tale-vari\u00e9e-18-3-768x1024.jpg\" alt=\"\" data-id=\"272\" data-link=\"http:\/\/genkiamma.com\/?attachment_id=272\" class=\"wp-image-272\" srcset=\"https:\/\/genkiamma.com\/wp-content\/uploads\/2020\/04\/acc-cvs-alimentation-vivante-v\u00e9g\u00e9tale-vari\u00e9e-18-3-768x1024.jpg 768w, https:\/\/genkiamma.com\/wp-content\/uploads\/2020\/04\/acc-cvs-alimentation-vivante-v\u00e9g\u00e9tale-vari\u00e9e-18-3-225x300.jpg 225w, https:\/\/genkiamma.com\/wp-content\/uploads\/2020\/04\/acc-cvs-alimentation-vivante-v\u00e9g\u00e9tale-vari\u00e9e-18-3-1152x1536.jpg 1152w, https:\/\/genkiamma.com\/wp-content\/uploads\/2020\/04\/acc-cvs-alimentation-vivante-v\u00e9g\u00e9tale-vari\u00e9e-18-3-rotated.jpg 1512w\" sizes=\"auto, (max-width: 706px) 89vw, (max-width: 767px) 82vw, 740px\" \/><\/figure><\/li><li class=\"blocks-gallery-item\"><figure><img loading=\"lazy\" decoding=\"async\" width=\"768\" height=\"1024\" src=\"http:\/\/genkiamma.com\/wp-content\/uploads\/2020\/04\/acc-cvs-alimentation-vivante-v\u00e9g\u00e9tale-vari\u00e9e-13-1-768x1024.jpg\" alt=\"\" data-id=\"280\" data-link=\"http:\/\/genkiamma.com\/?attachment_id=280\" class=\"wp-image-280\" srcset=\"https:\/\/genkiamma.com\/wp-content\/uploads\/2020\/04\/acc-cvs-alimentation-vivante-v\u00e9g\u00e9tale-vari\u00e9e-13-1-768x1024.jpg 768w, https:\/\/genkiamma.com\/wp-content\/uploads\/2020\/04\/acc-cvs-alimentation-vivante-v\u00e9g\u00e9tale-vari\u00e9e-13-1-225x300.jpg 225w, https:\/\/genkiamma.com\/wp-content\/uploads\/2020\/04\/acc-cvs-alimentation-vivante-v\u00e9g\u00e9tale-vari\u00e9e-13-1-1152x1536.jpg 1152w, https:\/\/genkiamma.com\/wp-content\/uploads\/2020\/04\/acc-cvs-alimentation-vivante-v\u00e9g\u00e9tale-vari\u00e9e-13-1-rotated.jpg 1512w\" sizes=\"auto, (max-width: 706px) 89vw, (max-width: 767px) 82vw, 740px\" \/><\/figure><\/li><li class=\"blocks-gallery-item\"><figure><img loading=\"lazy\" decoding=\"async\" width=\"1024\" height=\"768\" src=\"http:\/\/genkiamma.com\/wp-content\/uploads\/2020\/04\/acc-cvs-alimentation-vivante-v\u00e9g\u00e9tale-vari\u00e9e-16-2-1024x768.jpg\" alt=\"\" data-id=\"288\" data-full-url=\"http:\/\/genkiamma.com\/wp-content\/uploads\/2020\/04\/acc-cvs-alimentation-vivante-v\u00e9g\u00e9tale-vari\u00e9e-16-2.jpg\" data-link=\"http:\/\/genkiamma.com\/?attachment_id=288\" class=\"wp-image-288\" srcset=\"https:\/\/genkiamma.com\/wp-content\/uploads\/2020\/04\/acc-cvs-alimentation-vivante-v\u00e9g\u00e9tale-vari\u00e9e-16-2-1024x768.jpg 1024w, https:\/\/genkiamma.com\/wp-content\/uploads\/2020\/04\/acc-cvs-alimentation-vivante-v\u00e9g\u00e9tale-vari\u00e9e-16-2-300x225.jpg 300w, https:\/\/genkiamma.com\/wp-content\/uploads\/2020\/04\/acc-cvs-alimentation-vivante-v\u00e9g\u00e9tale-vari\u00e9e-16-2-768x576.jpg 768w, https:\/\/genkiamma.com\/wp-content\/uploads\/2020\/04\/acc-cvs-alimentation-vivante-v\u00e9g\u00e9tale-vari\u00e9e-16-2-1536x1152.jpg 1536w, https:\/\/genkiamma.com\/wp-content\/uploads\/2020\/04\/acc-cvs-alimentation-vivante-v\u00e9g\u00e9tale-vari\u00e9e-16-2.jpg 2016w\" sizes=\"auto, (max-width: 706px) 89vw, (max-width: 767px) 82vw, 740px\" \/><\/figure><\/li><\/ul><figcaption class=\"blocks-gallery-caption\">Vivant-V\u00e9g\u00e9tal et Vari\u00e9<\/figcaption><\/figure>\n<\/div><\/div>\n\n\n\n<blockquote class=\"wp-block-quote is-layout-flow wp-block-quote-is-layout-flow\"><p>\u00ab\u00a0Chaque jour, nous devons apprendre \u00e0 choisir nos pens\u00e9es comme nous choisissons nos v\u00eatements. Choisissons bien aussi nos aliments: mangeons Color\u00e9, Vivant, V\u00e9g\u00e9tal et Vari\u00e9! Nous pouvons cultiver ce pouvoir ainsi que notre jardin\u00a0\u00bb&#8230; <em>\u00c9nerg\u00e9tiquement v\u00f4tre\u00a0\u00bb!<\/em><\/p><p><em> Isabelle Foriat<\/em><\/p><\/blockquote>\n\n\n\n<p><\/p>\n","protected":false},"excerpt":{"rendered":"<p>Mon r\u00f4le est de vous aider \u00e0 retrouver votre \u00e9quilibre int\u00e9rieur en clarifiant vos ressentis, vos \u00e9motions et vos pens\u00e9es. \u00ab\u00a0Etre conscients d&rsquo;exister est le secret qui met l&rsquo;existence en pleine lumi\u00e8re, qui am\u00e8ne au pouvoir de concentration et conduit la sagesse \u00e0 porter ses fruits\u00a0\u00bb Thich Nh\u00e2t Hanh Je vous propose des s\u00e9ances d\u2019Accompagnement, &hellip; <\/p>\n<p class=\"link-more\"><a href=\"https:\/\/genkiamma.com\/?page_id=51\" class=\"more-link\">Continuer la lecture<span class=\"screen-reader-text\"> de &laquo;&nbsp;Le  Chemin Vers Soi: Accompagnement GENKI CVS&nbsp;&raquo;<\/span><\/a><\/p>\n","protected":false},"author":1,"featured_media":0,"parent":0,"menu_order":0,"comment_status":"closed","ping_status":"closed","template":"","meta":{"footnotes":""},"class_list":["post-51","page","type-page","status-publish","hentry"],"_links":{"self":[{"href":"https:\/\/genkiamma.com\/index.php?rest_route=\/wp\/v2\/pages\/51","targetHints":{"allow":["GET"]}}],"collection":[{"href":"https:\/\/genkiamma.com\/index.php?rest_route=\/wp\/v2\/pages"}],"about":[{"href":"https:\/\/genkiamma.com\/index.php?rest_route=\/wp\/v2\/types\/page"}],"author":[{"embeddable":true,"href":"https:\/\/genkiamma.com\/index.php?rest_route=\/wp\/v2\/users\/1"}],"replies":[{"embeddable":true,"href":"https:\/\/genkiamma.com\/index.php?rest_route=%2Fwp%2Fv2%2Fcomments&post=51"}],"version-history":[{"count":29,"href":"https:\/\/genkiamma.com\/index.php?rest_route=\/wp\/v2\/pages\/51\/revisions"}],"predecessor-version":[{"id":549,"href":"https:\/\/genkiamma.com\/index.php?rest_route=\/wp\/v2\/pages\/51\/revisions\/549"}],"wp:attachment":[{"href":"https:\/\/genkiamma.com\/index.php?rest_route=%2Fwp%2Fv2%2Fmedia&parent=51"}],"curies":[{"name":"wp","href":"https:\/\/api.w.org\/{rel}","templated":true}]}}