{"id":53,"date":"2020-04-11T22:34:59","date_gmt":"2020-04-11T20:34:59","guid":{"rendered":"http:\/\/genkiamma.com\/?page_id=53"},"modified":"2020-04-13T21:34:52","modified_gmt":"2020-04-13T19:34:52","slug":"shiatsu-anma-assis","status":"publish","type":"page","link":"https:\/\/genkiamma.com\/?page_id=53","title":{"rendered":"Shiatsu Anma Assis"},"content":{"rendered":"\n<div class=\"wp-block-image\"><figure class=\"alignright size-large is-resized\"><img loading=\"lazy\" decoding=\"async\" src=\"http:\/\/genkiamma.com\/wp-content\/uploads\/2020\/04\/accueil-2-7.jpg\" alt=\"\" class=\"wp-image-470\" width=\"162\" height=\"109\" srcset=\"https:\/\/genkiamma.com\/wp-content\/uploads\/2020\/04\/accueil-2-7.jpg 618w, https:\/\/genkiamma.com\/wp-content\/uploads\/2020\/04\/accueil-2-7-300x201.jpg 300w\" sizes=\"auto, (max-width: 162px) 100vw, 162px\" \/><\/figure><\/div>\n\n\n\n<p>C\u2019est une M\u00e9thode de D\u00e9tente Corporelle et Mentale selon un Art Traditionnel Japonais d&rsquo;Acupression. C\u2019est la solution pour lutter contre le stress, pr\u00e9venir les risques psycho-sociaux et r\u00e9duire les troubles musculo-squelettiques.<\/p>\n\n\n\n<figure class=\"wp-block-gallery columns-3 is-cropped wp-block-gallery-1 is-layout-flex wp-block-gallery-is-layout-flex\"><ul class=\"blocks-gallery-grid\"><li class=\"blocks-gallery-item\"><figure><img loading=\"lazy\" decoding=\"async\" width=\"493\" height=\"753\" src=\"http:\/\/genkiamma.com\/wp-content\/uploads\/2020\/04\/Evenements-Journ\u00e9e-de-la-femme-Club-Aviron-Peyrolles-7.03.2019.jpg\" alt=\"\" data-id=\"255\" data-full-url=\"http:\/\/genkiamma.com\/wp-content\/uploads\/2020\/04\/Evenements-Journ\u00e9e-de-la-femme-Club-Aviron-Peyrolles-7.03.2019.jpg\" data-link=\"http:\/\/genkiamma.com\/?attachment_id=255\" class=\"wp-image-255\" srcset=\"https:\/\/genkiamma.com\/wp-content\/uploads\/2020\/04\/Evenements-Journ\u00e9e-de-la-femme-Club-Aviron-Peyrolles-7.03.2019.jpg 493w, https:\/\/genkiamma.com\/wp-content\/uploads\/2020\/04\/Evenements-Journ\u00e9e-de-la-femme-Club-Aviron-Peyrolles-7.03.2019-196x300.jpg 196w\" sizes=\"auto, (max-width: 493px) 100vw, 493px\" \/><\/figure><\/li><li class=\"blocks-gallery-item\"><figure><img loading=\"lazy\" decoding=\"async\" width=\"1024\" height=\"683\" src=\"http:\/\/genkiamma.com\/wp-content\/uploads\/2020\/04\/anma-2-1024x683.jpg\" alt=\"\" data-id=\"97\" data-link=\"http:\/\/genkiamma.com\/?attachment_id=97\" class=\"wp-image-97\" srcset=\"https:\/\/genkiamma.com\/wp-content\/uploads\/2020\/04\/anma-2-1024x683.jpg 1024w, https:\/\/genkiamma.com\/wp-content\/uploads\/2020\/04\/anma-2-300x200.jpg 300w, https:\/\/genkiamma.com\/wp-content\/uploads\/2020\/04\/anma-2-768x512.jpg 768w, https:\/\/genkiamma.com\/wp-content\/uploads\/2020\/04\/anma-2-1536x1024.jpg 1536w, https:\/\/genkiamma.com\/wp-content\/uploads\/2020\/04\/anma-2-2048x1365.jpg 2048w\" sizes=\"auto, (max-width: 706px) 89vw, (max-width: 767px) 82vw, 740px\" \/><\/figure><\/li><li class=\"blocks-gallery-item\"><figure><img loading=\"lazy\" decoding=\"async\" width=\"1024\" height=\"683\" src=\"http:\/\/genkiamma.com\/wp-content\/uploads\/2020\/04\/anma-1024x683.jpg\" alt=\"\" data-id=\"96\" data-link=\"http:\/\/genkiamma.com\/?attachment_id=96\" class=\"wp-image-96\" srcset=\"https:\/\/genkiamma.com\/wp-content\/uploads\/2020\/04\/anma-1024x683.jpg 1024w, https:\/\/genkiamma.com\/wp-content\/uploads\/2020\/04\/anma-300x200.jpg 300w, https:\/\/genkiamma.com\/wp-content\/uploads\/2020\/04\/anma-768x512.jpg 768w, https:\/\/genkiamma.com\/wp-content\/uploads\/2020\/04\/anma-1536x1024.jpg 1536w, https:\/\/genkiamma.com\/wp-content\/uploads\/2020\/04\/anma-2048x1365.jpg 2048w\" sizes=\"auto, (max-width: 706px) 89vw, (max-width: 767px) 82vw, 740px\" \/><\/figure><\/li><li class=\"blocks-gallery-item\"><figure><img loading=\"lazy\" decoding=\"async\" width=\"1024\" height=\"683\" src=\"http:\/\/genkiamma.com\/wp-content\/uploads\/2020\/04\/anma-4-1024x683.jpg\" alt=\"\" data-id=\"99\" data-link=\"http:\/\/genkiamma.com\/?attachment_id=99\" class=\"wp-image-99\" srcset=\"https:\/\/genkiamma.com\/wp-content\/uploads\/2020\/04\/anma-4-1024x683.jpg 1024w, https:\/\/genkiamma.com\/wp-content\/uploads\/2020\/04\/anma-4-300x200.jpg 300w, https:\/\/genkiamma.com\/wp-content\/uploads\/2020\/04\/anma-4-768x512.jpg 768w, https:\/\/genkiamma.com\/wp-content\/uploads\/2020\/04\/anma-4-1536x1024.jpg 1536w, https:\/\/genkiamma.com\/wp-content\/uploads\/2020\/04\/anma-4-2048x1365.jpg 2048w\" sizes=\"auto, (max-width: 706px) 89vw, (max-width: 767px) 82vw, 740px\" \/><\/figure><\/li><\/ul><\/figure>\n\n\n\n<p><\/p>\n\n\n\n<p>Le terme massage, d\u00e9sign\u00e9 par deux caract\u00e8res chinois, An \u00ab\u00a0mettre la main sur\u00a0\u00bb et Mo \u00ab\u00a0aplanir\u00a0\u00bb, est adopt\u00e9 par les japonais et nomm\u00e9 Anma, An, \u00ab\u00a0maintenir la main tranquillement\u00a0\u00bb et Ma, \u00ab\u00a0polir\u00a0\u00bb, \u00ab\u00a0frotter\u00a0\u00bb. Le Anma au Japon date environ du d\u00e9but du 5\u00e8me si\u00e8cle de notre \u00e8re. Dans le langage courant Anma s&rsquo;est transform\u00e9 en Amma, probablement plus facile \u00e0 dire.<\/p>\n\n\n\n<p>Le&nbsp;Anma&nbsp;est une approche \u00e9nerg\u00e9tique bas\u00e9e sur les principes de la M\u00e9decine traditionnelle japonaise d&rsquo;accupression. Il a pour objectif d&rsquo;\u00e9liminer les blocages \u00e9nerg\u00e9tiques et d&rsquo;\u00e9quilibrer les flux d&rsquo;\u00e9nergie Yin et Yang par l&rsquo;exercice d&rsquo;une s\u00e9rie de mouvements sur des points sp\u00e9cifiques situ\u00e9s le long des m\u00e9ridiens, des muscles et des articulations.<\/p>\n\n\n\n<p>Quant au&nbsp;Amma assis, il a \u00e9t\u00e9 d\u00e9velopp\u00e9 aux Etats Unis dans les ann\u00e9es 80 par David Palmer, form\u00e9 au Anma par Takoshi Nakamura sensei. C&rsquo;est \u00e0 lui que nous devons cette m\u00e9thode de d\u00e9tente et de relaxation sur chaise, d\u00e9j\u00e0 tr\u00e8s r\u00e9pandue dans les pays anglo-saxons pour lutter contre le stress en entreprise. <\/p>\n\n\n\n<p>Le Amma assis combine plusieurs techniques corporelles qui s&rsquo;apparentent au Shiatsu : pressions, percussions, vibrations, tapotements, effleurages. Le praticien effectue un encha\u00eenement pr\u00e9cis appel\u00e9 \u00ab\u00a0Kata\u00a0\u00bb en japonais, litt\u00e9ralement, \u00ab\u00a0une s\u00e9rie d&rsquo;actions structur\u00e9es\u00a0\u00bb.<\/p>\n\n\n\n<p>La personne qui re\u00e7oit le Amma reste habill\u00e9e, assise confortablement sur une chaise ergonomique. Il est appliqu\u00e9 sur le dos, les hanches, la nuque, les bras, les mains et la t\u00eate.<\/p>\n\n\n\n<p>Outre ses effets b\u00e9n\u00e9fiques sur la circulation de l&rsquo;\u00e9nergie, le massage Amma assis procure un \u00e9tat profond de relaxation et de bien-\u00eatre int\u00e9rieur en 15 ou 20 minutes seulement.<br>Il est d\u2019une efficacit\u00e9 remarquable. Il r\u00e9pond parfaitement aux conditions de vie de notre soci\u00e9t\u00e9 et aux besoins de l\u2019homme moderne affair\u00e9. Il rend le massage accessible \u00e0 un large public du fait qu\u2019il se pratique souvent sur le lieu de travail ou \u00e0 domicile, \u00e9vitant ainsi les probl\u00e8mes de d\u00e9placements.<\/p>\n\n\n\n<h3 class=\"wp-block-heading\"><strong>En r\u00e9sum\u00e9<\/strong><\/h3>\n\n\n\n<ul class=\"wp-block-list\"><li>Bien \u00eatre par accu pression<\/li><li> Encha\u00eenement pr\u00e9cis compos\u00e9 de pressions, d\u2019\u00e9tirements, de percussions et de balayages pour soulager les tensions<\/li><li>Stimule le cr\u00e2ne,  la nuque, les trap\u00e8zes, le dos, les bras, les mains et les doigts<\/li><li> Relaxation \u00e9nerg\u00e9tique de 15 \u00e0 20 minutes, qui procure d\u00e9tente et regain d&rsquo;\u00e9nergie.<\/li><li>Apaise le mal au dos du aux mauvaises postures <\/li><li>R\u00e9duit la tension nerveuse <\/li><li>\u00c9vacue la fatigue, pr\u00e9vient le stress et les troubles musculo-squelettiques <\/li><li>Se pratique sur personne habill\u00e9e confortablement install\u00e9e sur chaise ergonomique<\/li><\/ul>\n\n\n\n<p>Les m\u00e9thodes de Bien-\u00eatre et de Relaxation ne se substituent pas aux traitements de la m\u00e9decine allopathique ou psychiatrique et ne sont nullement associ\u00e9s \u00e0 la kin\u00e9sith\u00e9rapie selon l\u2019article L.4321-21 du Code de la Sant\u00e9 Publique et au d\u00e9cret n\u00b0 96-879 du 8 octobre 1996, modifi\u00e9 par d\u00e9cret n\u00b0 2000-577 du 27 Juin 2000. En cas de malaise important ou de maladie, consultez d&rsquo;abord un m\u00e9decin ou un professionnel de la sant\u00e9 en mesure d&rsquo;\u00e9valuer ad\u00e9quatement votre \u00e9tat de sant\u00e9.<\/p>\n\n\n\n<p><strong>Les contre-indications du massage<\/strong><\/p>\n\n\n\n<p>Ce sont celles dict\u00e9es par le bon sens. Il ne doit pas \u00eatre appliqu\u00e9 sur des cicatrices post-op\u00e9ratoires r\u00e9centes, des blessures, des fractures, des ulc\u00e8res variqueux. Dans le cas de maladie de peau particuli\u00e8rement couvrante et d\u2019inflammation, d&rsquo;urgence chirurgicale, de cancers, de diab\u00e8te, de maladies cardiaques, d&rsquo;accident vasculaire, de thrombose, de diarrh\u00e9es, de prise d&rsquo;anticoagulant, en p\u00e9riode de menstruations, et dans certains cas sur des femmes enceintes.&nbsp;<\/p>\n","protected":false},"excerpt":{"rendered":"<p>C\u2019est une M\u00e9thode de D\u00e9tente Corporelle et Mentale selon un Art Traditionnel Japonais d&rsquo;Acupression. C\u2019est la solution pour lutter contre le stress, pr\u00e9venir les risques psycho-sociaux et r\u00e9duire les troubles musculo-squelettiques. Le terme massage, d\u00e9sign\u00e9 par deux caract\u00e8res chinois, An \u00ab\u00a0mettre la main sur\u00a0\u00bb et Mo \u00ab\u00a0aplanir\u00a0\u00bb, est adopt\u00e9 par les japonais et nomm\u00e9 Anma, &hellip; <\/p>\n<p class=\"link-more\"><a href=\"https:\/\/genkiamma.com\/?page_id=53\" class=\"more-link\">Continuer la lecture<span class=\"screen-reader-text\"> de &laquo;&nbsp;Shiatsu Anma Assis&nbsp;&raquo;<\/span><\/a><\/p>\n","protected":false},"author":1,"featured_media":0,"parent":0,"menu_order":0,"comment_status":"closed","ping_status":"closed","template":"","meta":{"footnotes":""},"class_list":["post-53","page","type-page","status-publish","hentry"],"_links":{"self":[{"href":"https:\/\/genkiamma.com\/index.php?rest_route=\/wp\/v2\/pages\/53","targetHints":{"allow":["GET"]}}],"collection":[{"href":"https:\/\/genkiamma.com\/index.php?rest_route=\/wp\/v2\/pages"}],"about":[{"href":"https:\/\/genkiamma.com\/index.php?rest_route=\/wp\/v2\/types\/page"}],"author":[{"embeddable":true,"href":"https:\/\/genkiamma.com\/index.php?rest_route=\/wp\/v2\/users\/1"}],"replies":[{"embeddable":true,"href":"https:\/\/genkiamma.com\/index.php?rest_route=%2Fwp%2Fv2%2Fcomments&post=53"}],"version-history":[{"count":8,"href":"https:\/\/genkiamma.com\/index.php?rest_route=\/wp\/v2\/pages\/53\/revisions"}],"predecessor-version":[{"id":480,"href":"https:\/\/genkiamma.com\/index.php?rest_route=\/wp\/v2\/pages\/53\/revisions\/480"}],"wp:attachment":[{"href":"https:\/\/genkiamma.com\/index.php?rest_route=%2Fwp%2Fv2%2Fmedia&parent=53"}],"curies":[{"name":"wp","href":"https:\/\/api.w.org\/{rel}","templated":true}]}}