{"id":55,"date":"2020-04-11T22:34:59","date_gmt":"2020-04-11T20:34:59","guid":{"rendered":"http:\/\/genkiamma.com\/?page_id=55"},"modified":"2020-12-27T15:24:02","modified_gmt":"2020-12-27T14:24:02","slug":"tarifs","status":"publish","type":"page","link":"https:\/\/genkiamma.com\/?page_id=55","title":{"rendered":"Tarifs"},"content":{"rendered":"\n<hr class=\"wp-block-separator\"\/>\n\n\n\n<h2 class=\"wp-block-heading\">PRESTATIONS ET TARIFS<\/h2>\n\n\n\n<figure class=\"wp-block-table is-style-regular\"><table><tbody><tr><td>Prestations<\/td><td>Dur\u00e9e<\/td><td>S\u00e9ance unique<\/td><td>Forfait 3 s\u00e9ances<\/td><td>Forfait 5 s\u00e9ances<\/td><\/tr><tr><td>R\u00e9\u00e9quilibrage \u00e9nerg\u00e9tique personne<br><\/td><td>1 H<\/td><td>60e<\/td><td>&#8211;<\/td><td>&#8211;<\/td><\/tr><tr><td>Enfant +7ans<\/td><td>40 min<\/td><td>40e<\/td><td>105e<\/td><td>&#8211;<\/td><\/tr><tr><td>Enfant-7ans<\/td><td>30 min<\/td><td>30e<\/td><td>75e<\/td><td>&#8211;<\/td><\/tr><tr><td><br>Magn\u00e9tisme: Br\u00fblures -Radioth\u00e9rapie-Chimioth\u00e9rapie\u00a0<\/td><td>Selon votre protocole<\/td><td>Don libre<\/td><td>&#8211;<\/td><td>&#8211;<\/td><\/tr><tr><td>Magn\u00e9tisme sur animaux<\/td><td>30 min<\/td><td>30e<\/td><td>&#8211;<\/td><td>&#8211;<\/td><\/tr><tr><td>Genki CVS<\/td><td>1H<\/td><td>60<\/td><td>165e<\/td><td>&#8211;<\/td><\/tr><tr><td>R\u00e9\u00e9quilibrage habitat<\/td><td><\/td><td>Sur devis<\/td><td>&#8211;<\/td><td>&#8211;<\/td><\/tr><tr><td>Shiatsu Anma Assis<br>Entreprise\/sur devis<\/td><td>20min<\/td><td>20e<\/td><td>55e<\/td><td>75e<\/td><\/tr><tr><td><\/td><td><\/td><td><\/td><td><\/td><td><\/td><\/tr><\/tbody><\/table><\/figure>\n\n\n\n<hr class=\"wp-block-separator\"\/>\n\n\n\n<h2 class=\"wp-block-heading\">BON CADEAUX<\/h2>\n\n\n\n<p><strong>Offrez un moment de d\u00e9tente \u00e0 un proche !<\/strong><\/p>\n\n\n\n<p>Pour une occasion particuli\u00e8re ou simplement pour faire plaisir, offrez une s\u00e9ance de r\u00e9\u00e9quilibrage \u00e9nerg\u00e9tique ou de bien-\u00eatre avec un massage anma assis sur chaise ergonomique. Choisissez le soin \u00e0 offrir et la personne de votre choix n\u2019aura plus qu\u2019\u00e0 prendre rendez-vous \u00e0 la date et \u00e0 l\u2019heure qui lui conviendra.<\/p>\n\n\n\n<p>Votre bon cadeau&nbsp; sera envoy\u00e9 gratuitement \u00e0 l\u2019adresse de votre choix. Veuillez m\u2019indiquer les renseignements n\u00e9cessaires \u00e0 l\u2019envoi du bon cadeau par mail ou sms.<\/p>\n\n\n\n<p><\/p>\n\n\n\n<div class=\"wp-block-image\"><figure class=\"aligncenter size-large is-resized\"><img loading=\"lazy\" decoding=\"async\" src=\"http:\/\/genkiamma.com\/wp-content\/uploads\/2020\/04\/IMG_0759-1024x953.jpg\" alt=\"\" class=\"wp-image-286\" width=\"423\" height=\"393\" srcset=\"https:\/\/genkiamma.com\/wp-content\/uploads\/2020\/04\/IMG_0759-1024x953.jpg 1024w, https:\/\/genkiamma.com\/wp-content\/uploads\/2020\/04\/IMG_0759-300x279.jpg 300w, https:\/\/genkiamma.com\/wp-content\/uploads\/2020\/04\/IMG_0759-768x715.jpg 768w, https:\/\/genkiamma.com\/wp-content\/uploads\/2020\/04\/IMG_0759.jpg 1280w\" sizes=\"auto, (max-width: 423px) 100vw, 423px\" \/><\/figure><\/div>\n\n\n\n<hr class=\"wp-block-separator\"\/>\n\n\n\n<h2 class=\"wp-block-heading\">ETHIQUE<\/h2>\n\n\n\n<h3 class=\"wp-block-heading\"><strong>Principes<\/strong><\/h3>\n\n\n\n<p><\/p>\n\n\n\n<ul class=\"wp-block-list\"><li>Je ne formule aucun diagnostic.<\/li><li>Je ne propose aucun m\u00e9dicament.<\/li><li>Je ne donne jamais d&rsquo;avis sur le traitement m\u00e9dical en cours.<\/li><li>Je suis tenue de respecter le secret professionnel et d\u2019observer la plus grande discr\u00e9tion en toutes circonstances.<\/li><li>La s\u00e9ance s&rsquo;effectue dans l&rsquo;objectif d&rsquo;apaiser et soulager les souffrances physiques, psychiques, ou morales<\/li><li>Un mineur ou une personne d\u00e9ficiente doit \u00eatre accompagn\u00e9e par ses parents ou son repr\u00e9sentant l\u00e9gal<\/li><\/ul>\n\n\n\n<hr class=\"wp-block-separator\"\/>\n\n\n\n<h3 class=\"wp-block-heading\"><strong>Formulaire de prise de rendez-vous<\/strong><\/h3>\n\n\n\n<div role=\"form\" class=\"wpcf7\" id=\"wpcf7-f296-o1\" lang=\"fr-FR\" dir=\"ltr\">\n<div class=\"screen-reader-response\"><p role=\"status\" aria-live=\"polite\" aria-atomic=\"true\"><\/p> <ul><\/ul><\/div>\n<form action=\"\/index.php?rest_route=%2Fwp%2Fv2%2Fpages%2F55#wpcf7-f296-o1\" method=\"post\" class=\"wpcf7-form init\" novalidate=\"novalidate\" data-status=\"init\">\n<div style=\"display: none;\">\n<input type=\"hidden\" name=\"_wpcf7\" value=\"296\" \/>\n<input type=\"hidden\" name=\"_wpcf7_version\" value=\"5.3.2\" \/>\n<input type=\"hidden\" name=\"_wpcf7_locale\" value=\"fr_FR\" \/>\n<input type=\"hidden\" name=\"_wpcf7_unit_tag\" value=\"wpcf7-f296-o1\" \/>\n<input type=\"hidden\" name=\"_wpcf7_container_post\" value=\"0\" \/>\n<input type=\"hidden\" name=\"_wpcf7_posted_data_hash\" value=\"\" \/>\n<\/div>\n<p><label> Votre nom (obligatoire)<br \/>\n    <span class=\"wpcf7-form-control-wrap your-name\"><input type=\"text\" name=\"your-name\" value=\"\" size=\"40\" class=\"wpcf7-form-control wpcf7-text wpcf7-validates-as-required\" aria-required=\"true\" aria-invalid=\"false\" \/><\/span> <\/label><\/p>\n<p><label> Votre adresse de messagerie (obligatoire)<br \/>\n    <span class=\"wpcf7-form-control-wrap your-email\"><input type=\"email\" name=\"your-email\" value=\"\" size=\"40\" class=\"wpcf7-form-control wpcf7-text wpcf7-email wpcf7-validates-as-required wpcf7-validates-as-email\" aria-required=\"true\" aria-invalid=\"false\" \/><\/span> <\/label><\/p>\n<p><label> Objet<br \/>\n    <span class=\"wpcf7-form-control-wrap your-subject\"><input type=\"text\" name=\"your-subject\" value=\"\" size=\"40\" class=\"wpcf7-form-control wpcf7-text\" aria-invalid=\"false\" \/><\/span> <\/label><\/p>\n<p><label> Votre message<br \/>\n    <span class=\"wpcf7-form-control-wrap your-message\"><textarea name=\"your-message\" cols=\"40\" rows=\"10\" class=\"wpcf7-form-control wpcf7-textarea\" aria-invalid=\"false\"><\/textarea><\/span> <\/label><\/p>\n<p><input type=\"submit\" value=\"Envoyer\" class=\"wpcf7-form-control wpcf7-submit\" \/><\/p>\n<div class=\"wpcf7-response-output\" aria-hidden=\"true\"><\/div><\/form><\/div>\n\n\n\n<p>Prise en charge : selon votre compl\u00e9mentaire sant\u00e9<\/p>\n\n\n\n<ul class=\"wp-block-list\"><li>Certaines Mutuelles prennent en charge tout ou partie des consultations individuelles de M\u00e9decine Alternative et Compl\u00e9mentaire (MAC) dont  les Soins \u00c9nerg\u00e9tiques et le Magn\u00e9tisme font partie<\/li><li>Renseignez-vous aupr\u00e8s de votre Mutuelle.<\/li><li>Etablissement de facture \u00e0 la demande.<\/li><\/ul>\n\n\n\n<hr class=\"wp-block-separator\"\/>\n\n\n\n<h3 class=\"wp-block-heading\">&nbsp; <strong>Moyens de paiement<\/strong> : Ch\u00e8ques Esp\u00e8ces Virement&nbsp; Paypal&nbsp;(e-paiement)<\/h3>\n\n\n\n<div class=\"wp-block-image\"><figure class=\"aligncenter size-large is-resized\"><img loading=\"lazy\" decoding=\"async\" src=\"http:\/\/genkiamma.com\/wp-content\/uploads\/2020\/04\/IMG_0089-768x1024.jpg\" alt=\"\" class=\"wp-image-512\" width=\"207\" height=\"275\" srcset=\"https:\/\/genkiamma.com\/wp-content\/uploads\/2020\/04\/IMG_0089-768x1024.jpg 768w, https:\/\/genkiamma.com\/wp-content\/uploads\/2020\/04\/IMG_0089-225x300.jpg 225w, https:\/\/genkiamma.com\/wp-content\/uploads\/2020\/04\/IMG_0089-1152x1536.jpg 1152w, https:\/\/genkiamma.com\/wp-content\/uploads\/2020\/04\/IMG_0089-rotated.jpg 1512w\" sizes=\"auto, (max-width: 207px) 100vw, 207px\" \/><\/figure><\/div>\n","protected":false},"excerpt":{"rendered":"<p>PRESTATIONS ET TARIFS Prestations Dur\u00e9e S\u00e9ance unique Forfait 3 s\u00e9ances Forfait 5 s\u00e9ances R\u00e9\u00e9quilibrage \u00e9nerg\u00e9tique personne 1 H 60e &#8211; &#8211; Enfant +7ans 40 min 40e 105e &#8211; Enfant-7ans 30 min 30e 75e &#8211; Magn\u00e9tisme: Br\u00fblures -Radioth\u00e9rapie-Chimioth\u00e9rapie\u00a0 Selon votre protocole Don libre &#8211; &#8211; Magn\u00e9tisme sur animaux 30 min 30e &#8211; &#8211; Genki CVS 1H &hellip; <\/p>\n<p class=\"link-more\"><a href=\"https:\/\/genkiamma.com\/?page_id=55\" class=\"more-link\">Continuer la lecture<span class=\"screen-reader-text\"> de &laquo;&nbsp;Tarifs&nbsp;&raquo;<\/span><\/a><\/p>\n","protected":false},"author":1,"featured_media":0,"parent":0,"menu_order":0,"comment_status":"closed","ping_status":"closed","template":"","meta":{"footnotes":""},"class_list":["post-55","page","type-page","status-publish","hentry"],"_links":{"self":[{"href":"https:\/\/genkiamma.com\/index.php?rest_route=\/wp\/v2\/pages\/55","targetHints":{"allow":["GET"]}}],"collection":[{"href":"https:\/\/genkiamma.com\/index.php?rest_route=\/wp\/v2\/pages"}],"about":[{"href":"https:\/\/genkiamma.com\/index.php?rest_route=\/wp\/v2\/types\/page"}],"author":[{"embeddable":true,"href":"https:\/\/genkiamma.com\/index.php?rest_route=\/wp\/v2\/users\/1"}],"replies":[{"embeddable":true,"href":"https:\/\/genkiamma.com\/index.php?rest_route=%2Fwp%2Fv2%2Fcomments&post=55"}],"version-history":[{"count":31,"href":"https:\/\/genkiamma.com\/index.php?rest_route=\/wp\/v2\/pages\/55\/revisions"}],"predecessor-version":[{"id":574,"href":"https:\/\/genkiamma.com\/index.php?rest_route=\/wp\/v2\/pages\/55\/revisions\/574"}],"wp:attachment":[{"href":"https:\/\/genkiamma.com\/index.php?rest_route=%2Fwp%2Fv2%2Fmedia&parent=55"}],"curies":[{"name":"wp","href":"https:\/\/api.w.org\/{rel}","templated":true}]}}