{"id":8,"date":"2019-09-17T22:34:27","date_gmt":"2019-09-17T20:34:27","guid":{"rendered":"http:\/\/genkiamma.com\/?page_id=8"},"modified":"2021-11-09T19:21:12","modified_gmt":"2021-11-09T18:21:12","slug":"accueil","status":"publish","type":"page","link":"https:\/\/genkiamma.com\/","title":{"rendered":""},"content":{"rendered":"\n<p><strong>Isabelle FORIAT ENERGETICIENNE MAGNETISEUSE PERTUIS VAUCLUSE<\/strong><\/p>\n\n\n\n<p>Besoin de vous soulager, de prendre soin de vous, vous ressourcer \u2026<\/p>\n\n\n\n<figure class=\"wp-block-gallery columns-3 is-cropped wp-block-gallery-1 is-layout-flex wp-block-gallery-is-layout-flex\"><ul class=\"blocks-gallery-grid\"><li class=\"blocks-gallery-item\"><figure><img loading=\"lazy\" decoding=\"async\" width=\"722\" height=\"1024\" src=\"http:\/\/genkiamma.com\/wp-content\/uploads\/2020\/04\/accueil-6-722x1024.jpg\" alt=\"\" data-id=\"167\" data-link=\"http:\/\/genkiamma.com\/?attachment_id=167\" class=\"wp-image-167\" srcset=\"https:\/\/genkiamma.com\/wp-content\/uploads\/2020\/04\/accueil-6-722x1024.jpg 722w, https:\/\/genkiamma.com\/wp-content\/uploads\/2020\/04\/accueil-6-211x300.jpg 211w, https:\/\/genkiamma.com\/wp-content\/uploads\/2020\/04\/accueil-6-768x1090.jpg 768w, https:\/\/genkiamma.com\/wp-content\/uploads\/2020\/04\/accueil-6-1083x1536.jpg 1083w, https:\/\/genkiamma.com\/wp-content\/uploads\/2020\/04\/accueil-6.jpg 1266w\" sizes=\"auto, (max-width: 722px) 100vw, 722px\" \/><\/figure><\/li><li class=\"blocks-gallery-item\"><figure><img loading=\"lazy\" decoding=\"async\" width=\"768\" height=\"1024\" src=\"http:\/\/genkiamma.com\/wp-content\/uploads\/2020\/04\/reequilibrage-energetique-4-768x1024.jpg\" alt=\"\" data-id=\"169\" data-link=\"http:\/\/genkiamma.com\/?attachment_id=169\" class=\"wp-image-169\" srcset=\"https:\/\/genkiamma.com\/wp-content\/uploads\/2020\/04\/reequilibrage-energetique-4-768x1024.jpg 768w, https:\/\/genkiamma.com\/wp-content\/uploads\/2020\/04\/reequilibrage-energetique-4-225x300.jpg 225w, https:\/\/genkiamma.com\/wp-content\/uploads\/2020\/04\/reequilibrage-energetique-4-1152x1536.jpg 1152w, https:\/\/genkiamma.com\/wp-content\/uploads\/2020\/04\/reequilibrage-energetique-4-rotated.jpg 1512w\" sizes=\"auto, (max-width: 706px) 89vw, (max-width: 767px) 82vw, 740px\" \/><\/figure><\/li><li class=\"blocks-gallery-item\"><figure><img loading=\"lazy\" decoding=\"async\" width=\"768\" height=\"1024\" src=\"http:\/\/genkiamma.com\/wp-content\/uploads\/2020\/04\/reequilibrage-energetique-5-768x1024.jpg\" alt=\"\" data-id=\"184\" data-full-url=\"http:\/\/genkiamma.com\/wp-content\/uploads\/2020\/04\/reequilibrage-energetique-5-rotated.jpg\" data-link=\"http:\/\/genkiamma.com\/?attachment_id=184\" class=\"wp-image-184\" srcset=\"https:\/\/genkiamma.com\/wp-content\/uploads\/2020\/04\/reequilibrage-energetique-5-768x1024.jpg 768w, https:\/\/genkiamma.com\/wp-content\/uploads\/2020\/04\/reequilibrage-energetique-5-225x300.jpg 225w, https:\/\/genkiamma.com\/wp-content\/uploads\/2020\/04\/reequilibrage-energetique-5-1152x1536.jpg 1152w, https:\/\/genkiamma.com\/wp-content\/uploads\/2020\/04\/reequilibrage-energetique-5-rotated.jpg 1512w\" sizes=\"auto, (max-width: 706px) 89vw, (max-width: 767px) 82vw, 740px\" \/><\/figure><\/li><\/ul><\/figure>\n\n\n\n<p><\/p>\n\n\n\n<p>\u00ab\u00a0<em style=\"\"><b>Je consulte en pr\u00e9sentiel au cabinet et en ligne, par t\u00e9l\u00e9phone et Visio (Skype, Face time, Whatsapp, Messenger)<\/b><\/em><strong><em>\u2026 \u00c9nerg\u00e9tiquement v\u00f4tre\u00a0\u00bb, Isabelle Foriat<\/em><\/strong><\/p>\n\n\n\n<p><\/p>\n\n\n\n<div class=\"wp-block-image\"><figure class=\"alignright size-large is-resized\"><img loading=\"lazy\" decoding=\"async\" src=\"http:\/\/genkiamma.com\/wp-content\/uploads\/2020\/04\/accueil-2-6.jpg\" alt=\"\" class=\"wp-image-186\" width=\"192\" height=\"129\" srcset=\"https:\/\/genkiamma.com\/wp-content\/uploads\/2020\/04\/accueil-2-6.jpg 618w, https:\/\/genkiamma.com\/wp-content\/uploads\/2020\/04\/accueil-2-6-300x201.jpg 300w\" sizes=\"auto, (max-width: 192px) 100vw, 192px\" \/><\/figure><\/div>\n\n\n\n<p>Notre sant\u00e9 et notre bien-\u00eatre sont directement li\u00e9s \u00e0 l\u2019\u00e9tat \u00e9nerg\u00e9tique de notre corps, \u00e0 la qualit\u00e9 de l\u2019\u00e9nergie de notre habitat et \u00e0 la vie que l\u2019on m\u00e8ne.<\/p>\n\n\n\n<p>Disposer d\u2019une belle \u00e9nergie bien ma\u00eetris\u00e9e, gage de sant\u00e9 et de bonheur, est l\u2019objectif que chacun est en droit de d\u00e9sirer. C\u2019est tout \u00e0 fait possible en traitant syst\u00e9matiquement tous les facteurs influents comme la remise en ordre de votre niveau d&rsquo;\u00e9nergie, l&rsquo;harmonisation \u00e9nerg\u00e9tique de votre lieu de vie et la mise en oeuvre de pratiques afin d&rsquo;entretenir et d\u00e9velopper votre \u00e9nergie vitale.<\/p>\n\n\n\n<p><strong>Je propose des s\u00e9ances&nbsp; de :<\/strong><\/p>\n\n\n\n<ul class=\"wp-block-list\"><li><a href=\"http:\/\/genkiamma.com\/?page_id=45\">R\u00e9\u00e9quilibrage \u00e9nerg\u00e9tique du corps<\/a><\/li><li><a href=\"http:\/\/genkiamma.com\/?page_id=47\">Magn\u00e9tisme<\/a><\/li><li><a href=\"http:\/\/genkiamma.com\/?page_id=53\">Massages Shiatsu Anma Assis&nbsp;: Bien \u00eatre par accu pression<\/a><\/li><li><a href=\"http:\/\/genkiamma.com\/?page_id=51\">Accompagnement CVS Chemin Vers Soi<\/a><\/li><li><a href=\"http:\/\/genkiamma.com\/?page_id=43\">R\u00e9\u00e9quilibrage \u00e9nerg\u00e9tique de l\u2019habitat<\/a><\/li><\/ul>\n\n\n\n<p> Les&nbsp; s\u00e9ances propos\u00e9es sont adapt\u00e9es en fonction de vos besoins et de mes ressentis.&nbsp; Elles sont&nbsp; bas\u00e9es sur des pratiques \u00e9nerg\u00e9tiques telles &nbsp;que Magn\u00e9tisme, Radiesth\u00e9sie, Shiatsu et scientifiques comme Neurosciences\/Epig\u00e9n\u00e9tique.<\/p>\n","protected":false},"excerpt":{"rendered":"<p>Isabelle FORIAT ENERGETICIENNE MAGNETISEUSE PERTUIS VAUCLUSE Besoin de vous soulager, de prendre soin de vous, vous ressourcer \u2026 \u00ab\u00a0Je consulte en pr\u00e9sentiel au cabinet et en ligne, par t\u00e9l\u00e9phone et Visio (Skype, Face time, Whatsapp, Messenger)\u2026 \u00c9nerg\u00e9tiquement v\u00f4tre\u00a0\u00bb, Isabelle Foriat Notre sant\u00e9 et notre bien-\u00eatre sont directement li\u00e9s \u00e0 l\u2019\u00e9tat \u00e9nerg\u00e9tique de notre corps, \u00e0 &hellip; <\/p>\n<p class=\"link-more\"><a href=\"https:\/\/genkiamma.com\/\" class=\"more-link\">Continuer la lecture<span class=\"screen-reader-text\"> de &laquo;&nbsp;&nbsp;&raquo;<\/span><\/a><\/p>\n","protected":false},"author":1,"featured_media":0,"parent":0,"menu_order":0,"comment_status":"closed","ping_status":"closed","template":"","meta":{"footnotes":""},"class_list":["post-8","page","type-page","status-publish","hentry"],"_links":{"self":[{"href":"https:\/\/genkiamma.com\/index.php?rest_route=\/wp\/v2\/pages\/8","targetHints":{"allow":["GET"]}}],"collection":[{"href":"https:\/\/genkiamma.com\/index.php?rest_route=\/wp\/v2\/pages"}],"about":[{"href":"https:\/\/genkiamma.com\/index.php?rest_route=\/wp\/v2\/types\/page"}],"author":[{"embeddable":true,"href":"https:\/\/genkiamma.com\/index.php?rest_route=\/wp\/v2\/users\/1"}],"replies":[{"embeddable":true,"href":"https:\/\/genkiamma.com\/index.php?rest_route=%2Fwp%2Fv2%2Fcomments&post=8"}],"version-history":[{"count":34,"href":"https:\/\/genkiamma.com\/index.php?rest_route=\/wp\/v2\/pages\/8\/revisions"}],"predecessor-version":[{"id":599,"href":"https:\/\/genkiamma.com\/index.php?rest_route=\/wp\/v2\/pages\/8\/revisions\/599"}],"wp:attachment":[{"href":"https:\/\/genkiamma.com\/index.php?rest_route=%2Fwp%2Fv2%2Fmedia&parent=8"}],"curies":[{"name":"wp","href":"https:\/\/api.w.org\/{rel}","templated":true}]}}